{"id":1209,"date":"2024-09-24T08:13:54","date_gmt":"2024-09-24T08:13:54","guid":{"rendered":"https:\/\/modinatheme.com\/visaland\/?page_id=1209"},"modified":"2026-03-17T16:21:24","modified_gmt":"2026-03-17T16:21:24","slug":"about","status":"publish","type":"page","link":"https:\/\/immigrationconsulting.ebangougroup.ca\/immigration\/?page_id=1209","title":{"rendered":"About"},"content":{"rendered":"\t\t<div data-elementor-type=\"wp-page\" data-elementor-id=\"1209\" class=\"elementor elementor-1209\">\n\t\t\t\t<div class=\"elementor-element elementor-element-6c0213e e-flex e-con-boxed e-con e-parent\" data-id=\"6c0213e\" data-element_type=\"container\" data-e-type=\"container\">\n\t\t\t\t\t<div class=\"e-con-inner\">\n\t\t<div class=\"elementor-element elementor-element-a99e513 e-con-full e-flex e-con e-child\" data-id=\"a99e513\" data-element_type=\"container\" data-e-type=\"container\">\n\t\t\t\t<div class=\"elementor-element elementor-element-f373ec6 elementor-widget elementor-widget-visaland-image-styles-widget\" data-id=\"f373ec6\" data-element_type=\"widget\" data-e-type=\"widget\" data-widget_type=\"visaland-image-styles-widget.default\">\n\t\t\t\t<div class=\"elementor-widget-container\">\n\t\t\t\t\t\r\n\t\r\n\r\n\t<div class=\"about-wrapper\">\r\n\t\t<div class=\"about-image-items\">\r\n\t\t\t<div class=\"border-shape\">\r\n\t\t\t   \r\n\t\t\t\t<img decoding=\"async\" src=\"https:\/\/immigrationconsulting.ebangougroup.ca\/immigration\/wp-content\/uploads\/2024\/09\/border-shape.png\" alt=\"\"\/>\r\n\t\t\t\t\t\t<\/div>\r\n\t\t\t<div class=\"about-image bg-cover wow fadeInLeft\" data-wow-delay=\".3s\" style=\"background-image: url('https:\/\/immigrationconsulting.ebangougroup.ca\/immigration\/wp-content\/uploads\/2024\/09\/about-new.jpg');\">\r\n\t\t\t\t<div class=\"about-image-2 wow fadeInUp\" data-wow-delay=\".5s\">\r\n\t\t\t\t   \r\n\t\t\t\t\t<img decoding=\"async\" src=\"https:\/\/immigrationconsulting.ebangougroup.ca\/immigration\/wp-content\/uploads\/2024\/09\/about-2.jpg\" alt=\"\"\/>\r\n\t\t\t\t\t\t\t\t<\/div>\r\n\t\t\t<\/div>\r\n\t\t<\/div>\r\n\t<\/div>\r\n\r\n\t\r\n             \r\n\t\t\t\t\t\t<\/div>\n\t\t\t\t<\/div>\n\t\t\t\t<\/div>\n\t\t<div class=\"elementor-element elementor-element-d8c4970 e-con-full e-flex e-con e-child\" data-id=\"d8c4970\" data-element_type=\"container\" data-e-type=\"container\">\n\t\t\t\t<div class=\"elementor-element elementor-element-387b162 elementor-widget elementor-widget-visaland-heading-title-widget\" data-id=\"387b162\" data-element_type=\"widget\" data-e-type=\"widget\" data-widget_type=\"visaland-heading-title-widget.default\">\n\t\t\t\t<div class=\"elementor-widget-container\">\n\t\t\t\t\t\r\n\t\r\n\r\n\t<div class=\"section-title\">\r\n\t\t<span class=\"wow fadeInUp\">Ebangou Immigration Consulting.<\/span>\r\n\t\t<h2 class=\"title-anim\">\r\n\t\t\tQui sommes-nous ?\t\t<\/h2>\r\n\t<\/div>\r\n\r\n\t\r\n             \r\n\t\t\t\t\t\t<\/div>\n\t\t\t\t<\/div>\n\t\t\t\t<div class=\"elementor-element elementor-element-a6f4f08 elementor-widget elementor-widget-text-editor\" data-id=\"a6f4f08\" data-element_type=\"widget\" data-e-type=\"widget\" data-widget_type=\"text-editor.default\">\n\t\t\t\t\t\t\t\t\t<p><span dir=\"auto\">Ebangou Immigration Consulting est une entreprise dynamique sp\u00e9cialis\u00e9e dans l&rsquo;immigration du personnel de la sant\u00e9 et de l&rsquo;\u00e9ducation au Canada. Son si\u00e8ge social est situ\u00e9 \u00e0 Akwa Douala.<\/span><\/p><p><br \/><span dir=\"auto\">Son directeur, M. Ngouabe Jean, commissaire aux serments pour le Qu\u00e9bec et l&rsquo;Ontario, poss\u00e8de une vaste exp\u00e9rience dans le domaine de l&rsquo;immigration.<\/span><\/p><p>\u00a0<\/p><p><span dir=\"auto\">Ebangou Immigration Consulting a pour objectif d&rsquo;\u00eatre proche et attentif \u00e0 ses clients dans ce secteur hautement concurrentiel de l&rsquo;immigration.<\/span><\/p><p>\u00a0<\/p><p><span dir=\"auto\">Chez Ebangou Immigration Consulting, vous b\u00e9n\u00e9ficiez d&rsquo;un accompagnement complet (de votre d\u00e9part \u00e0 votre installation au Canada), incluant la formation du personnel m\u00e9dical et des enseignants, ainsi que la pr\u00e9paration aux diff\u00e9rents tests de langue.<\/span><\/p><p>\u00a0<\/p><p><span dir=\"auto\">Chez Ebangou Immigration Consulting, le client est au c\u0153ur de nos pr\u00e9occupations et nous vous aidons \u00e0 faire de votre r\u00eave canadien une r\u00e9alit\u00e9.<\/span><\/p>\t\t\t\t\t\t\t\t<\/div>\n\t\t<div class=\"elementor-element elementor-element-b9646b0 e-con-full e-flex e-con e-child\" data-id=\"b9646b0\" data-element_type=\"container\" data-e-type=\"container\">\n\t\t\t\t<div class=\"elementor-element elementor-element-ebda783 elementor-widget elementor-widget-visaland-theme-button-widget\" data-id=\"ebda783\" data-element_type=\"widget\" data-e-type=\"widget\" data-widget_type=\"visaland-theme-button-widget.default\">\n\t\t\t\t<div class=\"elementor-widget-container\">\n\t\t\t\t\t\r\n\t\r\n\r\n\t<div class=\"about-button wow fadeInUp\" data-wow-delay=\".8s\">\r\n\t\t<a href=\"\/visaland\/contact\" class=\"theme-btn\">\r\n\t\t\t<span>\r\n\t\t\tContact Us \t\t\t\t<i class=\"fas fa-chevron-right\"><\/i>\r\n\t\t\t<\/span>\r\n\t\t<\/a>\r\n\t<\/div>\r\n\r\n\t\r\n\r\n             \r\n\t\t\t\t\t\t<\/div>\n\t\t\t\t<\/div>\n\t\t\t\t<\/div>\n\t\t\t\t<\/div>\n\t\t\t\t\t<\/div>\n\t\t\t\t<\/div>\n\t\t<div class=\"elementor-element elementor-element-48fb43c e-flex e-con-boxed e-con e-parent\" data-id=\"48fb43c\" data-element_type=\"container\" data-e-type=\"container\" data-settings=\"{&quot;background_background&quot;:&quot;classic&quot;}\">\n\t\t\t\t\t<div class=\"e-con-inner\">\n\t\t<div class=\"elementor-element elementor-element-9ca4317 e-con-full e-flex e-con e-child\" data-id=\"9ca4317\" data-element_type=\"container\" data-e-type=\"container\">\n\t\t\t\t<div class=\"elementor-element elementor-element-24f615b elementor-widget elementor-widget-visaland-heading-title-widget\" data-id=\"24f615b\" data-element_type=\"widget\" data-e-type=\"widget\" data-widget_type=\"visaland-heading-title-widget.default\">\n\t\t\t\t<div class=\"elementor-widget-container\">\n\t\t\t\t\t\r\n\t\r\n\r\n\t<div class=\"section-title\">\r\n\t\t<span class=\"wow fadeInUp\">Leader en conseil en immigration<\/span>\r\n\t\t<h2 class=\"title-anim\">\r\n\t\t\tCabinet de conseil en immigration de premier plan\t\t<\/h2>\r\n\t<\/div>\r\n\r\n\t\r\n             \r\n\t\t\t\t\t\t<\/div>\n\t\t\t\t<\/div>\n\t\t\t\t<div class=\"elementor-element elementor-element-5c96ec8 elementor-widget elementor-widget-text-editor\" data-id=\"5c96ec8\" data-element_type=\"widget\" data-e-type=\"widget\" data-widget_type=\"text-editor.default\">\n\t\t\t\t\t\t\t\t\t<div class=\"elementor-element elementor-element-3c6efbc elementor-widget elementor-widget-text-editor\" data-id=\"3c6efbc\" data-element_type=\"widget\" data-widget_type=\"text-editor.default\"><div class=\"elementor-widget-container\"><p><span dir=\"auto\">La possibilit\u00e9 de travailler \u00e0 l&rsquo;\u00e9tranger est une perspective populaire.<\/span><\/p><\/div><\/div><div class=\"elementor-element elementor-element-4416140 elementor-widget elementor-widget-progress\" data-id=\"4416140\" data-element_type=\"widget\" data-widget_type=\"progress.default\"><div class=\"elementor-widget-container\"><p><span id=\"elementor-progress-bar-4416140\" class=\"elementor-title\"><span dir=\"auto\">Proc\u00e9dure de visa<\/span><\/span><\/p><div class=\"elementor-progress-wrapper\" role=\"progressbar\" aria-labelledby=\"elementor-progress-bar-4416140\" aria-valuemin=\"0\" aria-valuemax=\"100\" aria-valuenow=\"86\"><div class=\"elementor-progress-bar\" data-max=\"86\"><span class=\"elementor-progress-percentage\"><span dir=\"auto\">86%<\/span><\/span><\/div><\/div><\/div><\/div><div class=\"elementor-element elementor-element-473c052 elementor-icon-list--layout-traditional elementor-list-item-link-full_width elementor-widget elementor-widget-icon-list\" data-id=\"473c052\" data-element_type=\"widget\" data-widget_type=\"icon-list.default\"><div class=\"elementor-widget-container\"><ol class=\"elementor-icon-list-items\"><li class=\"elementor-icon-list-item\"><strong><span class=\"elementor-icon-list-text\"><span dir=\"auto\">Entretien direct en ligne<\/span><\/span><\/strong><\/li><li class=\"elementor-icon-list-item\"><strong><span class=\"elementor-icon-list-text\"><span dir=\"auto\">Conseils d&rsquo;experts<\/span><\/span><\/strong><\/li><li class=\"elementor-icon-list-item\"><strong><span class=\"elementor-icon-list-text\"><span dir=\"auto\">99 % d&rsquo;approbations de visa<\/span><\/span><\/strong><\/li><li class=\"elementor-icon-list-item\"><strong><span class=\"elementor-icon-list-text\"><span dir=\"auto\">Processus rapide et facile<\/span><\/span><\/strong><\/li><\/ol><\/div><\/div>\t\t\t\t\t\t\t\t<\/div>\n\t\t\t\t<\/div>\n\t\t\t\t<div class=\"elementor-element elementor-element-32a369c elementor-widget elementor-widget-visaland-image-styles-widget\" data-id=\"32a369c\" data-element_type=\"widget\" data-e-type=\"widget\" data-widget_type=\"visaland-image-styles-widget.default\">\n\t\t\t\t<div class=\"elementor-widget-container\">\n\t\t\t\t\t\r\n\t\r\n\r\n\t<div class=\"about-wrapper\">\r\n\t\t<div class=\"about-image-items\">\r\n\t\t\t<div class=\"border-shape\">\r\n\t\t\t   \r\n\t\t\t\t<img decoding=\"async\" src=\"https:\/\/immigrationconsulting.ebangougroup.ca\/immigration\/wp-content\/uploads\/2024\/09\/border-shape.png\" alt=\"\"\/>\r\n\t\t\t\t\t\t<\/div>\r\n\t\t\t<div class=\"about-image bg-cover wow fadeInLeft\" data-wow-delay=\".3s\" style=\"background-image: url('https:\/\/immigrationconsulting.ebangougroup.ca\/immigration\/wp-content\/uploads\/2024\/09\/01-10.jpg');\">\r\n\t\t\t\t<div class=\"about-image-2 wow fadeInUp\" data-wow-delay=\".5s\">\r\n\t\t\t\t\t\t\t\t<\/div>\r\n\t\t\t<\/div>\r\n\t\t<\/div>\r\n\t<\/div>\r\n\r\n\t\r\n             \r\n\t\t\t\t\t\t<\/div>\n\t\t\t\t<\/div>\n\t\t\t\t\t<\/div>\n\t\t\t\t<\/div>\n\t\t<div class=\"elementor-element elementor-element-494fb11 e-flex e-con-boxed e-con e-parent\" data-id=\"494fb11\" data-element_type=\"container\" data-e-type=\"container\" data-settings=\"{&quot;background_background&quot;:&quot;classic&quot;}\">\n\t\t\t\t\t<div class=\"e-con-inner\">\n\t\t<div class=\"elementor-element elementor-element-a7f3e9d e-con-full e-flex e-con e-child\" data-id=\"a7f3e9d\" data-element_type=\"container\" data-e-type=\"container\">\n\t\t\t\t<div class=\"elementor-element elementor-element-faf8f74 elementor-widget elementor-widget-visaland-image-styles-widget\" data-id=\"faf8f74\" data-element_type=\"widget\" data-e-type=\"widget\" data-widget_type=\"visaland-image-styles-widget.default\">\n\t\t\t\t<div class=\"elementor-widget-container\">\n\t\t\t\t\t\r\n\t\r\n\r\n\t<div class=\"about-wrapper\">\r\n\t\t<div class=\"about-image-items\">\r\n\t\t\t<div class=\"border-shape\">\r\n\t\t\t   \r\n\t\t\t\t<img decoding=\"async\" src=\"https:\/\/immigrationconsulting.ebangougroup.ca\/immigration\/wp-content\/uploads\/2024\/09\/border-shape.png\" alt=\"\"\/>\r\n\t\t\t\t\t\t<\/div>\r\n\t\t\t<div class=\"about-image bg-cover wow fadeInLeft\" data-wow-delay=\".3s\" style=\"background-image: url('https:\/\/immigrationconsulting.ebangougroup.ca\/immigration\/wp-content\/uploads\/2024\/09\/about-new.jpg');\">\r\n\t\t\t\t<div class=\"about-image-2 wow fadeInUp\" data-wow-delay=\".5s\">\r\n\t\t\t\t\t\t\t\t<\/div>\r\n\t\t\t<\/div>\r\n\t\t<\/div>\r\n\t<\/div>\r\n\r\n\t\r\n             \r\n\t\t\t\t\t\t<\/div>\n\t\t\t\t<\/div>\n\t\t\t\t<\/div>\n\t\t<div class=\"elementor-element elementor-element-30d603b e-con-full e-flex e-con e-child\" data-id=\"30d603b\" data-element_type=\"container\" data-e-type=\"container\">\n\t\t\t\t<div class=\"elementor-element elementor-element-fda6f27 elementor-widget elementor-widget-visaland-heading-title-widget\" data-id=\"fda6f27\" data-element_type=\"widget\" data-e-type=\"widget\" data-widget_type=\"visaland-heading-title-widget.default\">\n\t\t\t\t<div class=\"elementor-widget-container\">\n\t\t\t\t\t\r\n\t\r\n\r\n\t<div class=\"section-title\">\r\n\t\t<span class=\"wow fadeInUp\">NOTRE DOMAINE D'EXPERTISE<\/span>\r\n\t\t<h2 class=\"title-anim\">\r\n\t\t\tServices exceptionnels en mati\u00e8re de visas d'immigration\t\t<\/h2>\r\n\t<\/div>\r\n\r\n\t\r\n             \r\n\t\t\t\t\t\t<\/div>\n\t\t\t\t<\/div>\n\t\t\t\t<div class=\"elementor-element elementor-element-23ad575 elementor-widget elementor-widget-text-editor\" data-id=\"23ad575\" data-element_type=\"widget\" data-e-type=\"widget\" data-widget_type=\"text-editor.default\">\n\t\t\t\t\t\t\t\t\t<ol><li><span class=\"elementor-icon-list-text\"><span dir=\"auto\">\u00c9tudiants \u00e9trangers<\/span><\/span><\/li><li><span class=\"elementor-icon-list-text\"><span dir=\"auto\">Visiteurs et touristes<\/span><\/span><\/li><li><span class=\"elementor-icon-list-text\"><span dir=\"auto\">R\u00e9unification familiale<\/span><\/span><\/li><li><span class=\"elementor-icon-list-text\"><span dir=\"auto\">Super visa<\/span><\/span><\/li><li><span class=\"elementor-icon-list-text\"><span dir=\"auto\">Visa pour cr\u00e9er une entreprise au Canada<\/span><\/span><\/li><li><span class=\"elementor-icon-list-text\"><span dir=\"auto\">R\u00e9tablissement du statut de r\u00e9sident temporaire<\/span><\/span><\/li><li><span class=\"elementor-icon-list-text\"><span dir=\"auto\">Travailleurs qualifi\u00e9s s\u00e9lectionn\u00e9s par le Qu\u00e9bec<\/span><\/span><\/li><\/ol>\t\t\t\t\t\t\t\t<\/div>\n\t\t<div class=\"elementor-element elementor-element-5df0e86 e-con-full e-flex e-con e-child\" data-id=\"5df0e86\" data-element_type=\"container\" data-e-type=\"container\">\n\t\t\t\t<div class=\"elementor-element elementor-element-df8b8e6 elementor-widget elementor-widget-text-editor\" data-id=\"df8b8e6\" data-element_type=\"widget\" data-e-type=\"widget\" data-widget_type=\"text-editor.default\">\n\t\t\t\t\t\t\t\t\t<p>Si vous \u00eates un professionnel des secteurs de la fabrication, de l&rsquo;ing\u00e9nierie et des technologies de l&rsquo;information, de la construction, du transport, des m\u00e9tiers sp\u00e9cialis\u00e9s ou de la sant\u00e9, nous pouvons vous aider \u00e0 immigrer au Canada.<br \/>Laissez-nous vous expliquer comment.<\/p>\t\t\t\t\t\t\t\t<\/div>\n\t\t\t\t<\/div>\n\t\t\t\t<\/div>\n\t\t\t\t\t<\/div>\n\t\t\t\t<\/div>\n\t\t<div class=\"elementor-element elementor-element-4434f0a e-flex e-con-boxed e-con e-parent\" data-id=\"4434f0a\" data-element_type=\"container\" data-e-type=\"container\" data-settings=\"{&quot;background_background&quot;:&quot;classic&quot;}\">\n\t\t\t\t\t<div class=\"e-con-inner\">\n\t\t<div class=\"elementor-element elementor-element-56c212c e-con-full e-flex e-con e-child\" data-id=\"56c212c\" data-element_type=\"container\" data-e-type=\"container\">\n\t\t\t\t<div class=\"elementor-element elementor-element-2e14188 elementor-widget elementor-widget-visaland-heading-title-widget\" data-id=\"2e14188\" data-element_type=\"widget\" data-e-type=\"widget\" data-widget_type=\"visaland-heading-title-widget.default\">\n\t\t\t\t<div class=\"elementor-widget-container\">\n\t\t\t\t\t\r\n\t\r\n\r\n\t<div class=\"section-title\">\r\n\t\t<span class=\"wow fadeInUp\">Nos avantages<\/span>\r\n\t\t<h2 class=\"title-anim\">\r\n\t\t\tTrouver un emploi \u00e0 l'\u00e9tranger\t\t<\/h2>\r\n\t<\/div>\r\n\r\n\t\r\n             \r\n\t\t\t\t\t\t<\/div>\n\t\t\t\t<\/div>\n\t\t\t\t<div class=\"elementor-element elementor-element-b485e04 elementor-widget elementor-widget-text-editor\" data-id=\"b485e04\" data-element_type=\"widget\" data-e-type=\"widget\" data-widget_type=\"text-editor.default\">\n\t\t\t\t\t\t\t\t\t<div class=\"elementor-element elementor-element-3c6efbc elementor-widget elementor-widget-text-editor\" data-id=\"3c6efbc\" data-element_type=\"widget\" data-widget_type=\"text-editor.default\"><div class=\"elementor-widget-container\"><div class=\"elementor-element elementor-element-4eba8ac elementor-widget elementor-widget-text-editor\" data-id=\"4eba8ac\" data-element_type=\"widget\" data-widget_type=\"text-editor.default\"><div class=\"elementor-widget-container\"><p><span dir=\"auto\">Volontaires, capables et comp\u00e9tents.<\/span><br \/><span dir=\"auto\">Mettre les immigrants en relation avec les connaissances locales afin qu&rsquo;ils puissent participer pleinement \u00e0 l&rsquo;\u00e9conomie.<\/span><\/p><p><span dir=\"auto\">Nous sommes num\u00e9ro 1 en mati\u00e8re de recherche d&#8217;emploi au Canada et avons plac\u00e9 avec succ\u00e8s des migrants originaires de pays du tiers monde tels que l&rsquo;Asie, l&rsquo;Am\u00e9rique latine et l&rsquo;Afrique dans des postes correspondant \u00e0 leurs qualifications.<\/span><\/p><p>\u00a0<\/p><\/div><\/div><div class=\"elementor-element elementor-element-1921f50 elementor-icon-list--layout-traditional elementor-list-item-link-full_width elementor-widget elementor-widget-icon-list\" data-id=\"1921f50\" data-element_type=\"widget\" data-widget_type=\"icon-list.default\"><div class=\"elementor-widget-container\"><ol class=\"elementor-icon-list-items\"><li class=\"elementor-icon-list-item\"><strong><span class=\"elementor-icon-list-text\"><span dir=\"auto\">\u00c9tudes \u00e0 l&rsquo;\u00e9tranger<\/span><\/span><\/strong><\/li><li class=\"elementor-icon-list-item\"><strong><span class=\"elementor-icon-list-text\"><span dir=\"auto\">Traitement des visas plus rapide<\/span><\/span><\/strong><\/li><\/ol><\/div><\/div><\/div><\/div>\t\t\t\t\t\t\t\t<\/div>\n\t\t\t\t<\/div>\n\t\t\t\t<div class=\"elementor-element elementor-element-ab8e4ad elementor-widget elementor-widget-visaland-image-styles-widget\" data-id=\"ab8e4ad\" data-element_type=\"widget\" data-e-type=\"widget\" data-widget_type=\"visaland-image-styles-widget.default\">\n\t\t\t\t<div class=\"elementor-widget-container\">\n\t\t\t\t\t\r\n\t\r\n\r\n\t<div class=\"about-wrapper\">\r\n\t\t<div class=\"about-image-items\">\r\n\t\t\t<div class=\"border-shape\">\r\n\t\t\t\t\t\t<\/div>\r\n\t\t\t<div class=\"about-image bg-cover wow fadeInLeft\" data-wow-delay=\".3s\" style=\"background-image: url('https:\/\/immigrationconsulting.ebangougroup.ca\/immigration\/wp-content\/uploads\/2026\/03\/Student-at-Balcony.jpg');\">\r\n\t\t\t\t<div class=\"about-image-2 wow fadeInUp\" data-wow-delay=\".5s\">\r\n\t\t\t\t\t\t\t\t<\/div>\r\n\t\t\t<\/div>\r\n\t\t<\/div>\r\n\t<\/div>\r\n\r\n\t\r\n             \r\n\t\t\t\t\t\t<\/div>\n\t\t\t\t<\/div>\n\t\t\t\t\t<\/div>\n\t\t\t\t<\/div>\n\t\t\t\t<\/div>\n\t\t","protected":false},"excerpt":{"rendered":"<p>Ebangou Immigration Consulting. Qui sommes-nous ? Ebangou Immigration Consulting est une entreprise dynamique sp\u00e9cialis\u00e9e dans l&rsquo;immigration du personnel de la sant\u00e9 et de l&rsquo;\u00e9ducation au Canada. Son si\u00e8ge social est situ\u00e9 \u00e0 Akwa Douala. Son directeur, M. Ngouabe Jean, commissaire aux serments pour le Qu\u00e9bec et l&rsquo;Ontario, poss\u00e8de une vaste exp\u00e9rience dans le domaine de<\/p>\n","protected":false},"author":1,"featured_media":0,"parent":0,"menu_order":0,"comment_status":"closed","ping_status":"closed","template":"elementor_header_footer","meta":{"inline_featured_image":false,"footnotes":""},"class_list":["post-1209","page","type-page","status-publish","hentry"],"_links":{"self":[{"href":"https:\/\/immigrationconsulting.ebangougroup.ca\/immigration\/index.php?rest_route=\/wp\/v2\/pages\/1209","targetHints":{"allow":["GET"]}}],"collection":[{"href":"https:\/\/immigrationconsulting.ebangougroup.ca\/immigration\/index.php?rest_route=\/wp\/v2\/pages"}],"about":[{"href":"https:\/\/immigrationconsulting.ebangougroup.ca\/immigration\/index.php?rest_route=\/wp\/v2\/types\/page"}],"author":[{"embeddable":true,"href":"https:\/\/immigrationconsulting.ebangougroup.ca\/immigration\/index.php?rest_route=\/wp\/v2\/users\/1"}],"replies":[{"embeddable":true,"href":"https:\/\/immigrationconsulting.ebangougroup.ca\/immigration\/index.php?rest_route=%2Fwp%2Fv2%2Fcomments&post=1209"}],"version-history":[{"count":13,"href":"https:\/\/immigrationconsulting.ebangougroup.ca\/immigration\/index.php?rest_route=\/wp\/v2\/pages\/1209\/revisions"}],"predecessor-version":[{"id":1471,"href":"https:\/\/immigrationconsulting.ebangougroup.ca\/immigration\/index.php?rest_route=\/wp\/v2\/pages\/1209\/revisions\/1471"}],"wp:attachment":[{"href":"https:\/\/immigrationconsulting.ebangougroup.ca\/immigration\/index.php?rest_route=%2Fwp%2Fv2%2Fmedia&parent=1209"}],"curies":[{"name":"wp","href":"https:\/\/api.w.org\/{rel}","templated":true}]}}