{"id":1476,"date":"2026-03-18T06:53:29","date_gmt":"2026-03-18T06:53:29","guid":{"rendered":"https:\/\/immigrationconsulting.ebangougroup.ca\/immigration\/?page_id=1476"},"modified":"2026-03-18T07:28:03","modified_gmt":"2026-03-18T07:28:03","slug":"visa-de-travail","status":"publish","type":"page","link":"https:\/\/immigrationconsulting.ebangougroup.ca\/immigration\/?page_id=1476","title":{"rendered":"Visa de travail"},"content":{"rendered":"\t\t<div data-elementor-type=\"wp-post\" data-elementor-id=\"1476\" class=\"elementor elementor-1476\">\n\t\t\t\t<div class=\"elementor-element elementor-element-7c9e2d0 e-flex e-con-boxed e-con e-parent\" data-id=\"7c9e2d0\" data-element_type=\"container\" data-e-type=\"container\">\n\t\t\t\t\t<div class=\"e-con-inner\">\n\t\t<div class=\"elementor-element elementor-element-88bcedb e-con-full e-flex e-con e-child\" data-id=\"88bcedb\" data-element_type=\"container\" data-e-type=\"container\">\n\t\t\t\t<div class=\"elementor-element elementor-element-f519155 elementor-widget elementor-widget-visaland-service-sidebar-widget\" data-id=\"f519155\" data-element_type=\"widget\" data-e-type=\"widget\" data-widget_type=\"visaland-service-sidebar-widget.default\">\n\t\t\t\t<div class=\"elementor-widget-container\">\n\t\t\t\t\t\r\n\t\r\n\r\n\t<div class=\"visa-details-wrapper\">\r\n\t\t<div class=\"visa-sidebar\">\r\n\t\t\t<div class=\"visa-widget-categories\">\r\n\t\t\t\t<ul>\r\n\t\t\t\t\t\t\r\n\t\t\t\t\t<li><a href=\"https:\/\/immigrationconsulting.ebangougroup.ca\/immigration\/?page_id=1450\">Visa RP<span><i class=\"fas fa-chevron-right\"><\/i><\/span><\/a><\/li>\r\n\t\t\t\t\t\t\r\n\t\t\t\t\t<li><a href=\"https:\/\/immigrationconsulting.ebangougroup.ca\/immigration\/?page_id=1447\">Visa Familial<span><i class=\"fas fa-chevron-right\"><\/i><\/span><\/a><\/li>\r\n\t\t\t\t\t\t\r\n\t\t\t\t\t<li><a href=\"https:\/\/immigrationconsulting.ebangougroup.ca\/immigration\/?page_id=1446\">Visa Touristique<span><i class=\"fas fa-chevron-right\"><\/i><\/span><\/a><\/li>\r\n\t\t\t\t\t\t\r\n\t\t\t\t\t<li><a href=\"https:\/\/immigrationconsulting.ebangougroup.ca\/immigration\/?page_id=1444\">Visa d'affaire<span><i class=\"fas fa-chevron-right\"><\/i><\/span><\/a><\/li>\r\n\t\t\t\t\t\t\r\n\t\t\t\t\t<li><a href=\"https:\/\/immigrationconsulting.ebangougroup.ca\/immigration\/?page_id=1449\">Visa de travail<span><i class=\"fas fa-chevron-right\"><\/i><\/span><\/a><\/li>\r\n\t\t\t\t\t\t\r\n\t\t\t\t\t<li><a href=\"https:\/\/immigrationconsulting.ebangougroup.ca\/immigration\/?page_id=1448\">Visa Etudiant<span><i class=\"fas fa-chevron-right\"><\/i><\/span><\/a><\/li>\r\n\t\t\t\t\t\t\t\t\t<\/ul>\r\n\t\t\t<\/div>\r\n\r\n\t\t\t\t\t\t<div class=\"visa-sidebar-widget\">\r\n\t\t\t\t<div class=\"contact-bg text-center bg-cover\" style=\"background-image: url('https:\/\/immigrationconsulting.ebangougroup.ca\/immigration\/wp-content\/uploads\/2024\/09\/contact-bg.jpg');\">\r\n\t\t\t\t\t<h4>Besoin d'un visa\nRendez-vous\nService\napr\u00e8s-vente : Appelez-nous<\/h4>\r\n\t\t\t\t\t<h3><a href=\"tel:+237675547840\">+237 675 547 840<\/a><\/h3>\r\n\t\t\t\t\t<p>Appelez-nous d\u00e8s aujourd'hui pour une assistance personnalis\u00e9e !<\/p>\r\n\t\t\t\t\t<a href=\"https:\/\/immigrationconsulting.ebangougroup.ca\/immigration\/?page_id=1326\" class=\"theme-btn bg-white\">\r\n\t\t\t\t\t\t<span>\r\n\t\t\t\t\t\tcontact us\t\t\t\t\t\t\t<i class=\"fas fa-chevron-right\"><\/i>\r\n\t\t\t\t\t\t<\/span>\r\n\t\t\t\t\t<\/a>\r\n\t\t\t\t<\/div>\r\n\t\t\t<\/div>\r\n\t\t\t\r\n\t\t\t\t\t\t<a href=\"#\" class=\"theme-btn w-100 text-center\">\r\n\t\t\t\t<span><i class=\"fas fa-file-pdf me-3\"><\/i> download pdf file<\/span>\r\n\t\t\t<\/a>\r\n\t\t\t\r\n\t\t<\/div>\r\n\t<\/div>\r\n\r\n\t\t\r\n\r\n\r\n             \r\n\t\t\t\t\t\t<\/div>\n\t\t\t\t<\/div>\n\t\t\t\t<\/div>\n\t\t<div class=\"elementor-element elementor-element-3426238 e-con-full e-flex e-con e-child\" data-id=\"3426238\" data-element_type=\"container\" data-e-type=\"container\">\n\t\t\t\t<div class=\"elementor-element elementor-element-dd5ab3a elementor-widget elementor-widget-image\" data-id=\"dd5ab3a\" data-element_type=\"widget\" data-e-type=\"widget\" data-widget_type=\"image.default\">\n\t\t\t\t\t\t\t\t\t\t\t\t\t\t\t<img fetchpriority=\"high\" decoding=\"async\" width=\"740\" height=\"392\" src=\"https:\/\/immigrationconsulting.ebangougroup.ca\/immigration\/wp-content\/uploads\/2024\/09\/details-1-2-1024x543.jpg\" class=\"attachment-large size-large wp-image-240\" alt=\"\" srcset=\"https:\/\/immigrationconsulting.ebangougroup.ca\/immigration\/wp-content\/uploads\/2024\/09\/details-1-2-1024x543.jpg 1024w, https:\/\/immigrationconsulting.ebangougroup.ca\/immigration\/wp-content\/uploads\/2024\/09\/details-1-2-300x159.jpg 300w, https:\/\/immigrationconsulting.ebangougroup.ca\/immigration\/wp-content\/uploads\/2024\/09\/details-1-2-768x407.jpg 768w, https:\/\/immigrationconsulting.ebangougroup.ca\/immigration\/wp-content\/uploads\/2024\/09\/details-1-2.jpg 1170w\" sizes=\"(max-width: 740px) 100vw, 740px\" \/>\t\t\t\t\t\t\t\t\t\t\t\t\t\t\t<\/div>\n\t\t\t\t<div class=\"elementor-element elementor-element-657680e elementor-widget elementor-widget-heading\" data-id=\"657680e\" data-element_type=\"widget\" data-e-type=\"widget\" data-widget_type=\"heading.default\">\n\t\t\t\t\t<h2 class=\"elementor-heading-title elementor-size-default\">Visa de travail<\/h2>\t\t\t\t<\/div>\n\t\t\t\t<div class=\"elementor-element elementor-element-e7a9c06 elementor-widget elementor-widget-text-editor\" data-id=\"e7a9c06\" data-element_type=\"widget\" data-e-type=\"widget\" data-widget_type=\"text-editor.default\">\n\t\t\t\t\t\t\t\t\t<div class=\"elementor-element elementor-element-e9d472c elementor-widget elementor-widget-text-editor\" data-id=\"e9d472c\" data-element_type=\"widget\" data-widget_type=\"text-editor.default\"><div class=\"elementor-widget-container\"><div class=\"elementor-element elementor-element-61e713a elementor-widget elementor-widget-text-editor\" data-id=\"61e713a\" data-element_type=\"widget\" data-widget_type=\"text-editor.default\"><div class=\"elementor-widget-container\"><p><span dir=\"auto\">Le Canada est une destination de choix pour de nombreux ressortissants \u00e9trangers en qu\u00eate d&#8217;emploi. Un permis de travail vous autorise \u00e0 travailler au Canada, mais ne vous permet pas \u00e0 lui seul de voyager sur le territoire canadien. Pour venir au Canada, vous aurez besoin d&rsquo;un visa de r\u00e9sident temporaire.<\/span><\/p><\/div><\/div><div class=\"elementor-element elementor-element-e81c727 elementor-widget elementor-widget-heading\" data-id=\"e81c727\" data-element_type=\"widget\" data-widget_type=\"heading.default\"><div class=\"elementor-widget-container\"><h3 class=\"elementor-heading-title elementor-size-default\"><span dir=\"auto\">Ce que nous proposons<\/span><\/h3><\/div><\/div><div class=\"elementor-element elementor-element-48eeea2 elementor-widget elementor-widget-text-editor\" data-id=\"48eeea2\" data-element_type=\"widget\" data-widget_type=\"text-editor.default\"><div class=\"elementor-widget-container\"><p><span dir=\"auto\">Un permis de travail canadien vous autorise \u00e0 occuper un emploi au Canada si vous \u00eates ressortissant d&rsquo;un pays \u00e9tranger. En g\u00e9n\u00e9ral, un permis de travail est requis pour travailler au Canada. Pour en faire la demande, la plupart des candidats doivent avoir une offre d&#8217;emploi canadienne. Le Canada d\u00e9livre deux types de permis de travail\u00a0: les permis de travail li\u00e9s \u00e0 un employeur et les permis de travail ouverts. Nous proposons les types de permis de travail suivants\u00a0:\u00a0<\/span><\/p><\/div><\/div><div class=\"elementor-element elementor-element-ea739c4 elementor-icon-list--layout-traditional elementor-list-item-link-full_width elementor-widget elementor-widget-icon-list\" data-id=\"ea739c4\" data-element_type=\"widget\" data-widget_type=\"icon-list.default\"><div class=\"elementor-widget-container\"><ol><li><strong><span class=\"elementor-icon-list-text\"><span dir=\"auto\">Permis de travail bas\u00e9 sur l&rsquo;EIMT<\/span><\/span><\/strong><\/li><li><strong><span class=\"elementor-icon-list-text\"><span dir=\"auto\">Prolongation du permis de travail<\/span><\/span><\/strong><\/li><li><strong><span class=\"elementor-icon-list-text\"><span dir=\"auto\">Transfert intragroupe<\/span><\/span><\/strong><\/li><li><strong><span class=\"elementor-icon-list-text\"><span dir=\"auto\">Accords de libre-\u00e9change<\/span><\/span><\/strong><\/li><li><strong><span class=\"elementor-icon-list-text\"><span dir=\"auto\">Programme de mobilit\u00e9 francophone<\/span><\/span><\/strong><\/li><li><strong><span class=\"elementor-icon-list-text\"><span dir=\"auto\">CAQ (Qu\u00e9bec seulement)<\/span><\/span><\/strong><\/li><\/ol><ul class=\"elementor-icon-list-items\"><li>\u00a0<\/li><\/ul><\/div><\/div><div class=\"elementor-element elementor-element-88ca68a elementor-widget elementor-widget-heading\" data-id=\"88ca68a\" data-element_type=\"widget\" data-widget_type=\"heading.default\"><div class=\"elementor-widget-container\"><h3 class=\"elementor-heading-title elementor-size-default\"><span dir=\"auto\">Crit\u00e8res g\u00e9n\u00e9raux d&rsquo;admissibilit\u00e9 pour tous les candidats<\/span><\/h3><\/div><\/div><div class=\"elementor-element elementor-element-643034d elementor-widget elementor-widget-progress\" data-id=\"643034d\" data-element_type=\"widget\" data-widget_type=\"progress.default\"><div class=\"elementor-widget-container\"><div class=\"elementor-progress-wrapper\" role=\"progressbar\" aria-valuemin=\"0\" aria-valuemax=\"100\" aria-valuenow=\"93\"><div class=\"elementor-progress-bar\" data-max=\"93\"><span class=\"elementor-progress-percentage\"><span dir=\"auto\">93%<\/span><\/span><\/div><\/div><\/div><\/div><div class=\"elementor-element elementor-element-e73b336 elementor-icon-list--layout-traditional elementor-list-item-link-full_width elementor-widget elementor-widget-icon-list\" data-id=\"e73b336\" data-element_type=\"widget\" data-widget_type=\"icon-list.default\"><div class=\"elementor-widget-container\"><ul class=\"elementor-icon-list-items\"><li class=\"elementor-icon-list-item\"><span class=\"elementor-icon-list-text\"><span dir=\"auto\">D\u00e9montrez que vous disposez de suffisamment d&rsquo;argent pour subvenir \u00e0 vos besoins et \u00e0 ceux des membres de votre famille pendant votre s\u00e9jour au Canada et pour rentrer chez vous.<\/span><\/span><\/li><li class=\"elementor-icon-list-item\"><span class=\"elementor-icon-list-text\"><span dir=\"auto\">Soyez en bonne sant\u00e9 et faites-vous examiner m\u00e9dicalement si n\u00e9cessaire.<\/span><\/span><\/li><li class=\"elementor-icon-list-item\"><span class=\"elementor-icon-list-text\"><span dir=\"auto\">Respectez la loi et n&rsquo;ayez pas d&rsquo;ant\u00e9c\u00e9dents judiciaires\u00a0; un certificat de police peut \u00eatre exig\u00e9.<\/span><\/span><\/li><li class=\"elementor-icon-list-item\"><span class=\"elementor-icon-list-text\"><span dir=\"auto\">Prouvez \u00e0 un agent que vous quitterez le Canada \u00e0 l&rsquo;expiration de votre permis de travail.<\/span><\/span><\/li><\/ul><\/div><\/div><div class=\"elementor-element elementor-element-b1ab01a elementor-widget elementor-widget-image\" data-id=\"b1ab01a\" data-element_type=\"widget\" data-widget_type=\"image.default\">\u00a0<\/div><\/div><\/div>\t\t\t\t\t\t\t\t<\/div>\n\t\t\t\t<div class=\"elementor-element elementor-element-9febfe2 elementor-widget elementor-widget-text-editor\" data-id=\"9febfe2\" data-element_type=\"widget\" data-e-type=\"widget\" data-widget_type=\"text-editor.default\">\n\t\t\t\t\t\t\t\t\t<div class=\"elementor-element elementor-element-f77c7e0 elementor-widget elementor-widget-heading\" data-id=\"f77c7e0\" data-element_type=\"widget\" data-widget_type=\"heading.default\"><div class=\"elementor-widget-container\"><div class=\"elementor-element elementor-element-84b2a64 elementor-widget elementor-widget-heading\" data-id=\"84b2a64\" data-element_type=\"widget\" data-widget_type=\"heading.default\"><div class=\"elementor-widget-container\"><h3 class=\"elementor-heading-title elementor-size-default\"><span dir=\"auto\">Permis de travail pour la mobilit\u00e9 francophone<\/span><\/h3><\/div><\/div><div class=\"elementor-element elementor-element-8aabbc8 elementor-widget elementor-widget-text-editor\" data-id=\"8aabbc8\" data-element_type=\"widget\" data-widget_type=\"text-editor.default\"><div class=\"elementor-widget-container\"><p><span dir=\"auto\">Le permis de travail pour la mobilit\u00e9 francophone facilite l&#8217;embauche par les employeurs canadiens sans \u00e9tude d&rsquo;impact sur le march\u00e9 du travail (EIMT), si vous r\u00e9pondez \u00e0 certaines exigences\u00a0<\/span><span dir=\"auto\">et que vous \u00eates destin\u00e9 \u00e0 vivre et \u00e0 travailler \u00e0 l&rsquo;ext\u00e9rieur de la province de Qu\u00e9bec.<\/span><\/p><p>\u00a0<\/p><div class=\"elementor-element elementor-element-2a7a40a elementor-widget elementor-widget-heading\" data-id=\"2a7a40a\" data-element_type=\"widget\" data-widget_type=\"heading.default\"><div class=\"elementor-widget-container\"><h3 class=\"elementor-heading-title elementor-size-default\"><span dir=\"auto\">Consid\u00e9rations suppl\u00e9mentaires<\/span><\/h3><\/div><\/div><div class=\"elementor-element elementor-element-ac42c5e immigro-icon-fix1 elementor-icon-list--layout-traditional elementor-list-item-link-full_width elementor-widget elementor-widget-icon-list\" data-id=\"ac42c5e\" data-element_type=\"widget\" data-widget_type=\"icon-list.default\"><div class=\"elementor-widget-container\"><ol><li><span class=\"elementor-icon-list-text\"><span dir=\"auto\">Frais de demande de visa<\/span><\/span><\/li><li><span class=\"elementor-icon-list-text\"><span dir=\"auto\">LMIA<\/span><\/span><\/li><li><span class=\"elementor-icon-list-text\"><span dir=\"auto\">biom\u00e9trie<\/span><\/span><\/li><li><span class=\"elementor-icon-list-text\"><span dir=\"auto\">Permis de travail post-dipl\u00f4me<\/span><\/span><\/li><\/ol><\/div><\/div><\/div><\/div><div class=\"elementor-element elementor-element-c8dcf49 elementor-widget elementor-widget-heading\" data-id=\"c8dcf49\" data-element_type=\"widget\" data-widget_type=\"heading.default\"><div class=\"elementor-widget-container\"><h3 class=\"elementor-heading-title elementor-size-default\"><span dir=\"auto\">Crit\u00e8res d\u2019admissibilit\u00e9 au permis de travail francophone<\/span><\/h3><\/div><\/div><div class=\"elementor-element elementor-element-f4a0f0e elementor-icon-list--layout-traditional elementor-list-item-link-full_width elementor-widget elementor-widget-icon-list\" data-id=\"f4a0f0e\" data-element_type=\"widget\" data-widget_type=\"icon-list.default\"><div class=\"elementor-widget-container\"><ol><li><span class=\"elementor-icon-list-text\"><span dir=\"auto\">R\u00e9pondre aux crit\u00e8res d&rsquo;admissibilit\u00e9 g\u00e9n\u00e9raux pour un permis de travail, d\u00e9crits ci-dessus.<\/span><\/span><\/li><li><span class=\"elementor-icon-list-text\"><span dir=\"auto\">Vivre et travailler dans l&rsquo;une des neuf provinces canadiennes ou dans l&rsquo;un des trois territoires situ\u00e9s \u00e0 l&rsquo;ext\u00e9rieur du Qu\u00e9bec<\/span><\/span><\/li><li><span class=\"elementor-icon-list-text\"><span dir=\"auto\">\u00catre capable de prouver que vos comp\u00e9tences en expression et compr\u00e9hension orales en fran\u00e7ais sont de niveau interm\u00e9diaire.<\/span><\/span><\/li><li><span class=\"elementor-icon-list-text\"><span dir=\"auto\">Avoir une offre d&#8217;emploi pour un poste class\u00e9 dans l&rsquo;une des cat\u00e9gories de formation, d&rsquo;\u00e9ducation, d&rsquo;exp\u00e9rience et de responsabilit\u00e9s (TEER) du syst\u00e8me de classification nationale des professions (CNP).<\/span><\/span><\/li><\/ol><\/div><\/div><\/div><\/div>\t\t\t\t\t\t\t\t<\/div>\n\t\t\t\t<\/div>\n\t\t\t\t\t<\/div>\n\t\t\t\t<\/div>\n\t\t\t\t<\/div>\n\t\t","protected":false},"excerpt":{"rendered":"<p>Visa RP Visa Familial Visa Touristique Visa d&rsquo;affaire Visa de travail Visa Etudiant Besoin d&rsquo;un visa Rendez-vous Service apr\u00e8s-vente : Appelez-nous +237 675 547 840 Appelez-nous d\u00e8s aujourd&rsquo;hui pour une assistance personnalis\u00e9e ! contact us download pdf file Visa de travail Le Canada est une destination de choix pour de nombreux ressortissants \u00e9trangers en qu\u00eate<\/p>\n","protected":false},"author":1,"featured_media":0,"parent":0,"menu_order":0,"comment_status":"closed","ping_status":"closed","template":"","meta":{"inline_featured_image":false,"footnotes":""},"class_list":["post-1476","page","type-page","status-publish","hentry"],"_links":{"self":[{"href":"https:\/\/immigrationconsulting.ebangougroup.ca\/immigration\/index.php?rest_route=\/wp\/v2\/pages\/1476","targetHints":{"allow":["GET"]}}],"collection":[{"href":"https:\/\/immigrationconsulting.ebangougroup.ca\/immigration\/index.php?rest_route=\/wp\/v2\/pages"}],"about":[{"href":"https:\/\/immigrationconsulting.ebangougroup.ca\/immigration\/index.php?rest_route=\/wp\/v2\/types\/page"}],"author":[{"embeddable":true,"href":"https:\/\/immigrationconsulting.ebangougroup.ca\/immigration\/index.php?rest_route=\/wp\/v2\/users\/1"}],"replies":[{"embeddable":true,"href":"https:\/\/immigrationconsulting.ebangougroup.ca\/immigration\/index.php?rest_route=%2Fwp%2Fv2%2Fcomments&post=1476"}],"version-history":[{"count":4,"href":"https:\/\/immigrationconsulting.ebangougroup.ca\/immigration\/index.php?rest_route=\/wp\/v2\/pages\/1476\/revisions"}],"predecessor-version":[{"id":1511,"href":"https:\/\/immigrationconsulting.ebangougroup.ca\/immigration\/index.php?rest_route=\/wp\/v2\/pages\/1476\/revisions\/1511"}],"wp:attachment":[{"href":"https:\/\/immigrationconsulting.ebangougroup.ca\/immigration\/index.php?rest_route=%2Fwp%2Fv2%2Fmedia&parent=1476"}],"curies":[{"name":"wp","href":"https:\/\/api.w.org\/{rel}","templated":true}]}}