{"id":1478,"date":"2026-03-18T06:54:35","date_gmt":"2026-03-18T06:54:35","guid":{"rendered":"https:\/\/immigrationconsulting.ebangougroup.ca\/immigration\/?page_id=1478"},"modified":"2026-03-18T07:33:58","modified_gmt":"2026-03-18T07:33:58","slug":"visa-tudiant","status":"publish","type":"page","link":"https:\/\/immigrationconsulting.ebangougroup.ca\/immigration\/?page_id=1478","title":{"rendered":"Visa \u00e9tudiant"},"content":{"rendered":"\t\t<div data-elementor-type=\"wp-post\" data-elementor-id=\"1478\" class=\"elementor elementor-1478\">\n\t\t\t\t<div class=\"elementor-element elementor-element-7c9e2d0 e-flex e-con-boxed e-con e-parent\" data-id=\"7c9e2d0\" data-element_type=\"container\" data-e-type=\"container\">\n\t\t\t\t\t<div class=\"e-con-inner\">\n\t\t<div class=\"elementor-element elementor-element-88bcedb e-con-full e-flex e-con e-child\" data-id=\"88bcedb\" data-element_type=\"container\" data-e-type=\"container\">\n\t\t\t\t<div class=\"elementor-element elementor-element-f519155 elementor-widget elementor-widget-visaland-service-sidebar-widget\" data-id=\"f519155\" data-element_type=\"widget\" data-e-type=\"widget\" data-widget_type=\"visaland-service-sidebar-widget.default\">\n\t\t\t\t<div class=\"elementor-widget-container\">\n\t\t\t\t\t\r\n\t\r\n\r\n\t<div class=\"visa-details-wrapper\">\r\n\t\t<div class=\"visa-sidebar\">\r\n\t\t\t<div class=\"visa-widget-categories\">\r\n\t\t\t\t<ul>\r\n\t\t\t\t\t\t\r\n\t\t\t\t\t<li><a href=\"https:\/\/immigrationconsulting.ebangougroup.ca\/immigration\/?page_id=1450\">Visa RP<span><i class=\"fas fa-chevron-right\"><\/i><\/span><\/a><\/li>\r\n\t\t\t\t\t\t\r\n\t\t\t\t\t<li><a href=\"https:\/\/immigrationconsulting.ebangougroup.ca\/immigration\/?page_id=1447\">Visa Familial<span><i class=\"fas fa-chevron-right\"><\/i><\/span><\/a><\/li>\r\n\t\t\t\t\t\t\r\n\t\t\t\t\t<li><a href=\"https:\/\/immigrationconsulting.ebangougroup.ca\/immigration\/?page_id=1446\">Visa Touristique<span><i class=\"fas fa-chevron-right\"><\/i><\/span><\/a><\/li>\r\n\t\t\t\t\t\t\r\n\t\t\t\t\t<li><a href=\"https:\/\/immigrationconsulting.ebangougroup.ca\/immigration\/?page_id=1444\">Visa d'affaire<span><i class=\"fas fa-chevron-right\"><\/i><\/span><\/a><\/li>\r\n\t\t\t\t\t\t\r\n\t\t\t\t\t<li><a href=\"https:\/\/immigrationconsulting.ebangougroup.ca\/immigration\/?page_id=1449\">Visa de travail<span><i class=\"fas fa-chevron-right\"><\/i><\/span><\/a><\/li>\r\n\t\t\t\t\t\t\r\n\t\t\t\t\t<li><a href=\"https:\/\/immigrationconsulting.ebangougroup.ca\/immigration\/?page_id=1448\">Visa Etudiant<span><i class=\"fas fa-chevron-right\"><\/i><\/span><\/a><\/li>\r\n\t\t\t\t\t\t\t\t\t<\/ul>\r\n\t\t\t<\/div>\r\n\r\n\t\t\t\t\t\t<div class=\"visa-sidebar-widget\">\r\n\t\t\t\t<div class=\"contact-bg text-center bg-cover\" style=\"background-image: url('https:\/\/immigrationconsulting.ebangougroup.ca\/immigration\/wp-content\/uploads\/2024\/09\/contact-bg.jpg');\">\r\n\t\t\t\t\t<h4>Besoin d'un visa\nRendez-vous\nService\napr\u00e8s-vente : Appelez-nous<\/h4>\r\n\t\t\t\t\t<h3><a href=\"tel:+237675547840\">+237 675 547 840<\/a><\/h3>\r\n\t\t\t\t\t<p>Appelez-nous d\u00e8s aujourd'hui pour une assistance personnalis\u00e9e !<\/p>\r\n\t\t\t\t\t<a href=\"https:\/\/immigrationconsulting.ebangougroup.ca\/immigration\/?page_id=1326\" class=\"theme-btn bg-white\">\r\n\t\t\t\t\t\t<span>\r\n\t\t\t\t\t\tcontact us\t\t\t\t\t\t\t<i class=\"fas fa-chevron-right\"><\/i>\r\n\t\t\t\t\t\t<\/span>\r\n\t\t\t\t\t<\/a>\r\n\t\t\t\t<\/div>\r\n\t\t\t<\/div>\r\n\t\t\t\r\n\t\t\t\t\t\t<a href=\"#\" class=\"theme-btn w-100 text-center\">\r\n\t\t\t\t<span><i class=\"fas fa-file-pdf me-3\"><\/i> download pdf file<\/span>\r\n\t\t\t<\/a>\r\n\t\t\t\r\n\t\t<\/div>\r\n\t<\/div>\r\n\r\n\t\t\r\n\r\n\r\n             \r\n\t\t\t\t\t\t<\/div>\n\t\t\t\t<\/div>\n\t\t\t\t<\/div>\n\t\t<div class=\"elementor-element elementor-element-3426238 e-con-full e-flex e-con e-child\" data-id=\"3426238\" data-element_type=\"container\" data-e-type=\"container\">\n\t\t\t\t<div class=\"elementor-element elementor-element-dd5ab3a elementor-widget elementor-widget-image\" data-id=\"dd5ab3a\" data-element_type=\"widget\" data-e-type=\"widget\" data-widget_type=\"image.default\">\n\t\t\t\t\t\t\t\t\t\t\t\t\t\t\t<img fetchpriority=\"high\" decoding=\"async\" width=\"740\" height=\"392\" src=\"https:\/\/immigrationconsulting.ebangougroup.ca\/immigration\/wp-content\/uploads\/2024\/09\/details-1-2-1024x543.jpg\" class=\"attachment-large size-large wp-image-240\" alt=\"\" srcset=\"https:\/\/immigrationconsulting.ebangougroup.ca\/immigration\/wp-content\/uploads\/2024\/09\/details-1-2-1024x543.jpg 1024w, https:\/\/immigrationconsulting.ebangougroup.ca\/immigration\/wp-content\/uploads\/2024\/09\/details-1-2-300x159.jpg 300w, https:\/\/immigrationconsulting.ebangougroup.ca\/immigration\/wp-content\/uploads\/2024\/09\/details-1-2-768x407.jpg 768w, https:\/\/immigrationconsulting.ebangougroup.ca\/immigration\/wp-content\/uploads\/2024\/09\/details-1-2.jpg 1170w\" sizes=\"(max-width: 740px) 100vw, 740px\" \/>\t\t\t\t\t\t\t\t\t\t\t\t\t\t\t<\/div>\n\t\t\t\t<div class=\"elementor-element elementor-element-657680e elementor-widget elementor-widget-heading\" data-id=\"657680e\" data-element_type=\"widget\" data-e-type=\"widget\" data-widget_type=\"heading.default\">\n\t\t\t\t\t<h2 class=\"elementor-heading-title elementor-size-default\">Visa d'\u00e9tudiant<\/h2>\t\t\t\t<\/div>\n\t\t\t\t<div class=\"elementor-element elementor-element-e7a9c06 elementor-widget elementor-widget-text-editor\" data-id=\"e7a9c06\" data-element_type=\"widget\" data-e-type=\"widget\" data-widget_type=\"text-editor.default\">\n\t\t\t\t\t\t\t\t\t<div class=\"elementor-element elementor-element-e9d472c elementor-widget elementor-widget-text-editor\" data-id=\"e9d472c\" data-element_type=\"widget\" data-widget_type=\"text-editor.default\"><div class=\"elementor-widget-container\"><p>Un permis d&rsquo;\u00e9tudes est le visa \u00e9tudiant n\u00e9cessaire aux \u00e9tudiants internationaux souhaitant s&rsquo;inscrire \u00e0 un programme d&rsquo;\u00e9tudes au Canada. Un visa d&rsquo;\u00e9tudes canadien est valide de 6 mois \u00e0 5 ans, selon la dur\u00e9e du programme. Il peut \u00eatre prolong\u00e9 au besoin. Pour savoir comment faire une demande de permis d&rsquo;\u00e9tudes ou de visa, veuillez nous contacter.<\/p><\/div><\/div>\t\t\t\t\t\t\t\t<\/div>\n\t\t\t\t<div class=\"elementor-element elementor-element-9febfe2 elementor-widget elementor-widget-text-editor\" data-id=\"9febfe2\" data-element_type=\"widget\" data-e-type=\"widget\" data-widget_type=\"text-editor.default\">\n\t\t\t\t\t\t\t\t\t<div class=\"elementor-element elementor-element-f77c7e0 elementor-widget elementor-widget-heading\" data-id=\"f77c7e0\" data-element_type=\"widget\" data-widget_type=\"heading.default\"><div class=\"elementor-widget-container\"><h3 class=\"elementor-heading-title elementor-size-default\"><span dir=\"auto\">Ce que nous proposons<\/span><\/h3><\/div><\/div><div class=\"elementor-element elementor-element-70bd273 elementor-widget elementor-widget-text-editor\" data-id=\"70bd273\" data-element_type=\"widget\" data-widget_type=\"text-editor.default\"><div class=\"elementor-widget-container\"><div class=\"elementor-element elementor-element-2d121fa4 elementor-widget elementor-widget-text-editor\" data-id=\"2d121fa4\" data-element_type=\"widget\" data-widget_type=\"text-editor.default\"><div class=\"elementor-widget-container\"><p><span dir=\"auto\">Le permis d&rsquo;\u00e9tudes vous autorise \u00e0 \u00e9tudier dans les \u00e9tablissements d&rsquo;enseignement d\u00e9sign\u00e9s (EED) au Canada. Notre syst\u00e8me d&rsquo;\u00e9valuation unique pour les visas canadiens d\u00e9termine votre admissibilit\u00e9. Nos experts sont agr\u00e9\u00e9s pour vous fournir une assistance et des conseils professionnels concernant toutes vos questions d&rsquo;immigration, y compris les frais de visa et les v\u00e9rifications d&rsquo;admissibilit\u00e9.<\/span><\/p><p>\u00a0<\/p><\/div><\/div><div class=\"elementor-element elementor-element-54ba841 elementor-widget elementor-widget-heading\" data-id=\"54ba841\" data-element_type=\"widget\" data-widget_type=\"heading.default\"><div class=\"elementor-widget-container\"><h3 class=\"elementor-heading-title elementor-size-default\"><span dir=\"auto\">Crit\u00e8res d&rsquo;admissibilit\u00e9<\/span><\/h3><\/div><\/div><div class=\"elementor-element elementor-element-c72234f elementor-widget elementor-widget-text-editor\" data-id=\"c72234f\" data-element_type=\"widget\" data-widget_type=\"text-editor.default\"><div class=\"elementor-widget-container\"><p><span dir=\"auto\">Vous pouvez venir \u00e9tudier au Canada si vous\u00a0:<\/span><\/p><\/div><\/div><div class=\"elementor-element elementor-element-86c4bac e-flex e-con-boxed e-con e-parent e-lazyloaded\" data-particle_enable=\"false\" data-particle-mobile-disabled=\"false\" data-id=\"86c4bac\" data-element_type=\"container\"><div class=\"e-con-inner\"><div class=\"elementor-element elementor-element-fdabd91 elementor-icon-list--layout-traditional elementor-list-item-link-full_width elementor-widget elementor-widget-icon-list\" data-id=\"fdabd91\" data-element_type=\"widget\" data-widget_type=\"icon-list.default\"><div class=\"elementor-widget-container\"><ol><li><span class=\"elementor-icon-list-text\"><span dir=\"auto\">sont inscrits dans un DLI<\/span><\/span><\/li><li><span class=\"elementor-icon-list-text\"><span dir=\"auto\">Prouvez que vous disposez des fonds n\u00e9cessaires pour couvrir\u00a0: vos frais de scolarit\u00e9, vos frais de subsistance et votre transport aller-retour.<\/span><\/span><\/li><li><span class=\"elementor-icon-list-text\"><span dir=\"auto\">ne pas avoir de casier judiciaire et obtenir un certificat de police<\/span><\/span><\/li><li><span class=\"elementor-icon-list-text\"><span dir=\"auto\">sont en bonne sant\u00e9 et subissent un examen m\u00e9dical (si n\u00e9cessaire)<\/span><\/span><\/li><li><span class=\"elementor-icon-list-text\"><span dir=\"auto\">Prouvez \u00e0 un agent que vous quitterez le Canada \u00e0 l&rsquo;expiration de votre permis d&rsquo;\u00e9tudes (par exemple, en raison de liens familiaux ou d&rsquo;un emploi).<\/span><\/span><\/li><\/ol><\/div><\/div><\/div><\/div><\/div><\/div>\t\t\t\t\t\t\t\t<\/div>\n\t\t\t\t<div class=\"elementor-element elementor-element-fcecac3 elementor-widget elementor-widget-text-editor\" data-id=\"fcecac3\" data-element_type=\"widget\" data-e-type=\"widget\" data-widget_type=\"text-editor.default\">\n\t\t\t\t\t\t\t\t\t<div class=\"elementor-element elementor-element-061c88f elementor-widget elementor-widget-heading\" data-id=\"061c88f\" data-element_type=\"widget\" data-widget_type=\"heading.default\"><div class=\"elementor-widget-container\"><div class=\"elementor-element elementor-element-33fdcf8 elementor-widget elementor-widget-heading\" data-id=\"33fdcf8\" data-element_type=\"widget\" data-widget_type=\"heading.default\"><div class=\"elementor-widget-container\"><h3 class=\"elementor-heading-title elementor-size-default\"><span dir=\"auto\">Documents requis<\/span><\/h3><\/div><\/div><div class=\"elementor-element elementor-element-e4effe0 immigro-icon-fix1 elementor-icon-list--layout-traditional elementor-list-item-link-full_width elementor-widget elementor-widget-icon-list\" data-id=\"e4effe0\" data-element_type=\"widget\" data-widget_type=\"icon-list.default\"><div class=\"elementor-widget-container\"><ol><li><span class=\"elementor-icon-list-text\"><span dir=\"auto\">Preuve d&rsquo;acceptation<\/span><\/span><\/li><li><span class=\"elementor-icon-list-text\"><span dir=\"auto\">lettre d&rsquo;attestation provinciale ou lettre d&rsquo;attestation territoriale<\/span><\/span><\/li><li><span class=\"elementor-icon-list-text\"><span dir=\"auto\">Preuve d&rsquo;identit\u00e9<\/span><\/span><\/li><li><span class=\"elementor-icon-list-text\"><span dir=\"auto\">Preuve de soutien financier<\/span><\/span><\/li><li><span class=\"elementor-icon-list-text\"><span dir=\"auto\">Une lettre d&rsquo;explication<\/span><\/span><\/li><li><span class=\"elementor-icon-list-text\"><span dir=\"auto\">Un examen m\u00e9dical (selon votre situation personnelle)<\/span><\/span><\/li><\/ol><\/div><\/div><\/div><\/div>\t\t\t\t\t\t\t\t<\/div>\n\t\t\t\t<div class=\"elementor-element elementor-element-6c04d10 elementor-widget elementor-widget-n-accordion\" data-id=\"6c04d10\" data-element_type=\"widget\" data-e-type=\"widget\" data-settings=\"{&quot;default_state&quot;:&quot;expanded&quot;,&quot;max_items_expended&quot;:&quot;one&quot;,&quot;n_accordion_animation_duration&quot;:{&quot;unit&quot;:&quot;ms&quot;,&quot;size&quot;:400,&quot;sizes&quot;:[]}}\" data-widget_type=\"nested-accordion.default\">\n\t\t\t\t\t\t\t<div class=\"e-n-accordion\" aria-label=\"Accordion. Open links with Enter or Space, close with Escape, and navigate with Arrow Keys\">\n\t\t\t\t\t\t<details id=\"e-n-accordion-item-1130\" class=\"e-n-accordion-item\" open>\n\t\t\t\t<summary class=\"e-n-accordion-item-title\" data-accordion-index=\"1\" tabindex=\"0\" aria-expanded=\"true\" aria-controls=\"e-n-accordion-item-1130\" >\n\t\t\t\t\t<span class='e-n-accordion-item-title-header'><div class=\"e-n-accordion-item-title-text\"> Demander un visa de travail <\/div><\/span>\n\t\t\t\t\t\t\t<span class='e-n-accordion-item-title-icon'>\n\t\t\t<span class='e-opened' ><svg aria-hidden=\"true\" class=\"e-font-icon-svg e-fas-minus\" viewBox=\"0 0 448 512\" xmlns=\"http:\/\/www.w3.org\/2000\/svg\"><path d=\"M416 208H32c-17.67 0-32 14.33-32 32v32c0 17.67 14.33 32 32 32h384c17.67 0 32-14.33 32-32v-32c0-17.67-14.33-32-32-32z\"><\/path><\/svg><\/span>\n\t\t\t<span class='e-closed'><svg aria-hidden=\"true\" class=\"e-font-icon-svg e-fas-plus\" viewBox=\"0 0 448 512\" xmlns=\"http:\/\/www.w3.org\/2000\/svg\"><path d=\"M416 208H272V64c0-17.67-14.33-32-32-32h-32c-17.67 0-32 14.33-32 32v144H32c-17.67 0-32 14.33-32 32v32c0 17.67 14.33 32 32 32h144v144c0 17.67 14.33 32 32 32h32c17.67 0 32-14.33 32-32V304h144c17.67 0 32-14.33 32-32v-32c0-17.67-14.33-32-32-32z\"><\/path><\/svg><\/span>\n\t\t<\/span>\n\n\t\t\t\t\t\t<\/summary>\n\t\t\t\t<div role=\"region\" aria-labelledby=\"e-n-accordion-item-1130\" class=\"elementor-element elementor-element-f3e42c3 e-con-full e-flex e-con e-child\" data-id=\"f3e42c3\" data-element_type=\"container\" data-e-type=\"container\">\n\t\t\t\t<div class=\"elementor-element elementor-element-b177ec7 elementor-widget elementor-widget-text-editor\" data-id=\"b177ec7\" data-element_type=\"widget\" data-e-type=\"widget\" data-widget_type=\"text-editor.default\">\n\t\t\t\t\t\t\t\t\t<p>Inscrivez-vous sur la plateforme, remplissez le formulaire de demande de visa et t\u00e9l\u00e9chargez les documents requis. Notre \u00e9quipe vous recontactera.<\/p>\t\t\t\t\t\t\t\t<\/div>\n\t\t\t\t<\/div>\n\t\t\t\t\t<\/details>\n\t\t\t\t\t\t<details id=\"e-n-accordion-item-1131\" class=\"e-n-accordion-item\" >\n\t\t\t\t<summary class=\"e-n-accordion-item-title\" data-accordion-index=\"2\" tabindex=\"-1\" aria-expanded=\"false\" aria-controls=\"e-n-accordion-item-1131\" >\n\t\t\t\t\t<span class='e-n-accordion-item-title-header'><div class=\"e-n-accordion-item-title-text\"> Documents requis pour l'assistance <\/div><\/span>\n\t\t\t\t\t\t\t<span class='e-n-accordion-item-title-icon'>\n\t\t\t<span class='e-opened' ><svg aria-hidden=\"true\" class=\"e-font-icon-svg e-fas-minus\" viewBox=\"0 0 448 512\" xmlns=\"http:\/\/www.w3.org\/2000\/svg\"><path d=\"M416 208H32c-17.67 0-32 14.33-32 32v32c0 17.67 14.33 32 32 32h384c17.67 0 32-14.33 32-32v-32c0-17.67-14.33-32-32-32z\"><\/path><\/svg><\/span>\n\t\t\t<span class='e-closed'><svg aria-hidden=\"true\" class=\"e-font-icon-svg e-fas-plus\" viewBox=\"0 0 448 512\" xmlns=\"http:\/\/www.w3.org\/2000\/svg\"><path d=\"M416 208H272V64c0-17.67-14.33-32-32-32h-32c-17.67 0-32 14.33-32 32v144H32c-17.67 0-32 14.33-32 32v32c0 17.67 14.33 32 32 32h144v144c0 17.67 14.33 32 32 32h32c17.67 0 32-14.33 32-32V304h144c17.67 0 32-14.33 32-32v-32c0-17.67-14.33-32-32-32z\"><\/path><\/svg><\/span>\n\t\t<\/span>\n\n\t\t\t\t\t\t<\/summary>\n\t\t\t\t<div role=\"region\" aria-labelledby=\"e-n-accordion-item-1131\" class=\"elementor-element elementor-element-e21bc04 e-con-full e-flex e-con e-child\" data-id=\"e21bc04\" data-element_type=\"container\" data-e-type=\"container\">\n\t\t\t\t<div class=\"elementor-element elementor-element-60f5401 elementor-widget elementor-widget-text-editor\" data-id=\"60f5401\" data-element_type=\"widget\" data-e-type=\"widget\" data-widget_type=\"text-editor.default\">\n\t\t\t\t\t\t\t\t\t<p>Les documents requis seront trait\u00e9s, vous recevrez un avis de validation et nous vous recontacterons en cas de probl\u00e8me.<\/p>\t\t\t\t\t\t\t\t<\/div>\n\t\t\t\t<\/div>\n\t\t\t\t\t<\/details>\n\t\t\t\t\t\t<details id=\"e-n-accordion-item-1132\" class=\"e-n-accordion-item\" >\n\t\t\t\t<summary class=\"e-n-accordion-item-title\" data-accordion-index=\"3\" tabindex=\"-1\" aria-expanded=\"false\" aria-controls=\"e-n-accordion-item-1132\" >\n\t\t\t\t\t<span class='e-n-accordion-item-title-header'><div class=\"e-n-accordion-item-title-text\"> Traitement l\u00e9gal de l'immigration <\/div><\/span>\n\t\t\t\t\t\t\t<span class='e-n-accordion-item-title-icon'>\n\t\t\t<span class='e-opened' ><svg aria-hidden=\"true\" class=\"e-font-icon-svg e-fas-minus\" viewBox=\"0 0 448 512\" xmlns=\"http:\/\/www.w3.org\/2000\/svg\"><path d=\"M416 208H32c-17.67 0-32 14.33-32 32v32c0 17.67 14.33 32 32 32h384c17.67 0 32-14.33 32-32v-32c0-17.67-14.33-32-32-32z\"><\/path><\/svg><\/span>\n\t\t\t<span class='e-closed'><svg aria-hidden=\"true\" class=\"e-font-icon-svg e-fas-plus\" viewBox=\"0 0 448 512\" xmlns=\"http:\/\/www.w3.org\/2000\/svg\"><path d=\"M416 208H272V64c0-17.67-14.33-32-32-32h-32c-17.67 0-32 14.33-32 32v144H32c-17.67 0-32 14.33-32 32v32c0 17.67 14.33 32 32 32h144v144c0 17.67 14.33 32 32 32h32c17.67 0 32-14.33 32-32V304h144c17.67 0 32-14.33 32-32v-32c0-17.67-14.33-32-32-32z\"><\/path><\/svg><\/span>\n\t\t<\/span>\n\n\t\t\t\t\t\t<\/summary>\n\t\t\t\t<div role=\"region\" aria-labelledby=\"e-n-accordion-item-1132\" class=\"elementor-element elementor-element-69842da e-con-full e-flex e-con e-child\" data-id=\"69842da\" data-element_type=\"container\" data-e-type=\"container\">\n\t\t\t\t<div class=\"elementor-element elementor-element-eeea9fc elementor-widget elementor-widget-text-editor\" data-id=\"eeea9fc\" data-element_type=\"widget\" data-e-type=\"widget\" data-widget_type=\"text-editor.default\">\n\t\t\t\t\t\t\t\t\t<p>Vos documents seront transmis aux services d&rsquo;immigration canadiens comp\u00e9tents pour traitement l\u00e9gal.<\/p>\t\t\t\t\t\t\t\t<\/div>\n\t\t\t\t<\/div>\n\t\t\t\t\t<\/details>\n\t\t\t\t\t\t<details id=\"e-n-accordion-item-1133\" class=\"e-n-accordion-item\" >\n\t\t\t\t<summary class=\"e-n-accordion-item-title\" data-accordion-index=\"4\" tabindex=\"-1\" aria-expanded=\"false\" aria-controls=\"e-n-accordion-item-1133\" >\n\t\t\t\t\t<span class='e-n-accordion-item-title-header'><div class=\"e-n-accordion-item-title-text\"> Services d'agents exp\u00e9riment\u00e9s <\/div><\/span>\n\t\t\t\t\t\t\t<span class='e-n-accordion-item-title-icon'>\n\t\t\t<span class='e-opened' ><svg aria-hidden=\"true\" class=\"e-font-icon-svg e-fas-minus\" viewBox=\"0 0 448 512\" xmlns=\"http:\/\/www.w3.org\/2000\/svg\"><path d=\"M416 208H32c-17.67 0-32 14.33-32 32v32c0 17.67 14.33 32 32 32h384c17.67 0 32-14.33 32-32v-32c0-17.67-14.33-32-32-32z\"><\/path><\/svg><\/span>\n\t\t\t<span class='e-closed'><svg aria-hidden=\"true\" class=\"e-font-icon-svg e-fas-plus\" viewBox=\"0 0 448 512\" xmlns=\"http:\/\/www.w3.org\/2000\/svg\"><path d=\"M416 208H272V64c0-17.67-14.33-32-32-32h-32c-17.67 0-32 14.33-32 32v144H32c-17.67 0-32 14.33-32 32v32c0 17.67 14.33 32 32 32h144v144c0 17.67 14.33 32 32 32h32c17.67 0 32-14.33 32-32V304h144c17.67 0 32-14.33 32-32v-32c0-17.67-14.33-32-32-32z\"><\/path><\/svg><\/span>\n\t\t<\/span>\n\n\t\t\t\t\t\t<\/summary>\n\t\t\t\t<div role=\"region\" aria-labelledby=\"e-n-accordion-item-1133\" class=\"elementor-element elementor-element-0b01f13 e-flex e-con-boxed e-con e-child\" data-id=\"0b01f13\" data-element_type=\"container\" data-e-type=\"container\">\n\t\t\t\t\t<div class=\"e-con-inner\">\n\t\t\t\t<div class=\"elementor-element elementor-element-a6e2eb3 elementor-widget elementor-widget-text-editor\" data-id=\"a6e2eb3\" data-element_type=\"widget\" data-e-type=\"widget\" data-widget_type=\"text-editor.default\">\n\t\t\t\t\t\t\t\t\t<p>Notre \u00e9quipe est compos\u00e9e d&rsquo;agents tr\u00e8s exp\u00e9riment\u00e9s. Vos documents seront trait\u00e9s avec soin avant d&rsquo;\u00eatre transmis aux autorit\u00e9s canadiennes. Avec nous, votre visa est garanti.<\/p>\t\t\t\t\t\t\t\t<\/div>\n\t\t\t\t\t<\/div>\n\t\t\t\t<\/div>\n\t\t\t\t\t<\/details>\n\t\t\t\t\t<\/div>\n\t\t\t\t\t\t<\/div>\n\t\t\t\t<\/div>\n\t\t\t\t\t<\/div>\n\t\t\t\t<\/div>\n\t\t\t\t<\/div>\n\t\t","protected":false},"excerpt":{"rendered":"<p>Visa RP Visa Familial Visa Touristique Visa d&rsquo;affaire Visa de travail Visa Etudiant Besoin d&rsquo;un visa Rendez-vous Service apr\u00e8s-vente : Appelez-nous +237 675 547 840 Appelez-nous d\u00e8s aujourd&rsquo;hui pour une assistance personnalis\u00e9e ! contact us download pdf file Visa d&rsquo;\u00e9tudiant Un permis d&rsquo;\u00e9tudes est le visa \u00e9tudiant n\u00e9cessaire aux \u00e9tudiants internationaux souhaitant s&rsquo;inscrire \u00e0 un<\/p>\n","protected":false},"author":1,"featured_media":0,"parent":0,"menu_order":0,"comment_status":"closed","ping_status":"closed","template":"","meta":{"inline_featured_image":false,"footnotes":""},"class_list":["post-1478","page","type-page","status-publish","hentry"],"_links":{"self":[{"href":"https:\/\/immigrationconsulting.ebangougroup.ca\/immigration\/index.php?rest_route=\/wp\/v2\/pages\/1478","targetHints":{"allow":["GET"]}}],"collection":[{"href":"https:\/\/immigrationconsulting.ebangougroup.ca\/immigration\/index.php?rest_route=\/wp\/v2\/pages"}],"about":[{"href":"https:\/\/immigrationconsulting.ebangougroup.ca\/immigration\/index.php?rest_route=\/wp\/v2\/types\/page"}],"author":[{"embeddable":true,"href":"https:\/\/immigrationconsulting.ebangougroup.ca\/immigration\/index.php?rest_route=\/wp\/v2\/users\/1"}],"replies":[{"embeddable":true,"href":"https:\/\/immigrationconsulting.ebangougroup.ca\/immigration\/index.php?rest_route=%2Fwp%2Fv2%2Fcomments&post=1478"}],"version-history":[{"count":4,"href":"https:\/\/immigrationconsulting.ebangougroup.ca\/immigration\/index.php?rest_route=\/wp\/v2\/pages\/1478\/revisions"}],"predecessor-version":[{"id":1515,"href":"https:\/\/immigrationconsulting.ebangougroup.ca\/immigration\/index.php?rest_route=\/wp\/v2\/pages\/1478\/revisions\/1515"}],"wp:attachment":[{"href":"https:\/\/immigrationconsulting.ebangougroup.ca\/immigration\/index.php?rest_route=%2Fwp%2Fv2%2Fmedia&parent=1478"}],"curies":[{"name":"wp","href":"https:\/\/api.w.org\/{rel}","templated":true}]}}