{"id":1480,"date":"2026-03-18T06:55:32","date_gmt":"2026-03-18T06:55:32","guid":{"rendered":"https:\/\/immigrationconsulting.ebangougroup.ca\/immigration\/?page_id=1480"},"modified":"2026-03-18T07:06:37","modified_gmt":"2026-03-18T07:06:37","slug":"visa-daffaires","status":"publish","type":"page","link":"https:\/\/immigrationconsulting.ebangougroup.ca\/immigration\/?page_id=1480","title":{"rendered":"Visa d&rsquo;affaires"},"content":{"rendered":"\t\t<div data-elementor-type=\"wp-post\" data-elementor-id=\"1480\" class=\"elementor elementor-1480\">\n\t\t\t\t<div class=\"elementor-element elementor-element-7c9e2d0 e-flex e-con-boxed e-con e-parent\" data-id=\"7c9e2d0\" data-element_type=\"container\" data-e-type=\"container\">\n\t\t\t\t\t<div class=\"e-con-inner\">\n\t\t<div class=\"elementor-element elementor-element-88bcedb e-con-full e-flex e-con e-child\" data-id=\"88bcedb\" data-element_type=\"container\" data-e-type=\"container\">\n\t\t\t\t<div class=\"elementor-element elementor-element-f519155 elementor-widget elementor-widget-visaland-service-sidebar-widget\" data-id=\"f519155\" data-element_type=\"widget\" data-e-type=\"widget\" data-widget_type=\"visaland-service-sidebar-widget.default\">\n\t\t\t\t<div class=\"elementor-widget-container\">\n\t\t\t\t\t\r\n\t\r\n\r\n\t<div class=\"visa-details-wrapper\">\r\n\t\t<div class=\"visa-sidebar\">\r\n\t\t\t<div class=\"visa-widget-categories\">\r\n\t\t\t\t<ul>\r\n\t\t\t\t\t\t\r\n\t\t\t\t\t<li><a href=\"https:\/\/immigrationconsulting.ebangougroup.ca\/immigration\/?page_id=1450\">Visa RP<span><i class=\"fas fa-chevron-right\"><\/i><\/span><\/a><\/li>\r\n\t\t\t\t\t\t\r\n\t\t\t\t\t<li><a href=\"https:\/\/immigrationconsulting.ebangougroup.ca\/immigration\/?page_id=1447\">Visa Familial<span><i class=\"fas fa-chevron-right\"><\/i><\/span><\/a><\/li>\r\n\t\t\t\t\t\t\r\n\t\t\t\t\t<li><a href=\"https:\/\/immigrationconsulting.ebangougroup.ca\/immigration\/?page_id=1446\">Visa Touristique<span><i class=\"fas fa-chevron-right\"><\/i><\/span><\/a><\/li>\r\n\t\t\t\t\t\t\r\n\t\t\t\t\t<li><a href=\"https:\/\/immigrationconsulting.ebangougroup.ca\/immigration\/?page_id=1444\">Visa d'affaire<span><i class=\"fas fa-chevron-right\"><\/i><\/span><\/a><\/li>\r\n\t\t\t\t\t\t\r\n\t\t\t\t\t<li><a href=\"https:\/\/immigrationconsulting.ebangougroup.ca\/immigration\/?page_id=1449\">Visa de travail<span><i class=\"fas fa-chevron-right\"><\/i><\/span><\/a><\/li>\r\n\t\t\t\t\t\t\r\n\t\t\t\t\t<li><a href=\"https:\/\/immigrationconsulting.ebangougroup.ca\/immigration\/?page_id=1448\">Visa Etudiant<span><i class=\"fas fa-chevron-right\"><\/i><\/span><\/a><\/li>\r\n\t\t\t\t\t\t\t\t\t<\/ul>\r\n\t\t\t<\/div>\r\n\r\n\t\t\t\t\t\t<div class=\"visa-sidebar-widget\">\r\n\t\t\t\t<div class=\"contact-bg text-center bg-cover\" style=\"background-image: url('https:\/\/immigrationconsulting.ebangougroup.ca\/immigration\/wp-content\/uploads\/2024\/09\/contact-bg.jpg');\">\r\n\t\t\t\t\t<h4>Besoin d'un visa\nRendez-vous\nService\napr\u00e8s-vente : Appelez-nous<\/h4>\r\n\t\t\t\t\t<h3><a href=\"tel:+237675547840\">+237 675 547 840<\/a><\/h3>\r\n\t\t\t\t\t<p>Appelez-nous d\u00e8s aujourd'hui pour une assistance personnalis\u00e9e !<\/p>\r\n\t\t\t\t\t<a href=\"https:\/\/immigrationconsulting.ebangougroup.ca\/immigration\/?page_id=1326\" class=\"theme-btn bg-white\">\r\n\t\t\t\t\t\t<span>\r\n\t\t\t\t\t\tcontact us\t\t\t\t\t\t\t<i class=\"fas fa-chevron-right\"><\/i>\r\n\t\t\t\t\t\t<\/span>\r\n\t\t\t\t\t<\/a>\r\n\t\t\t\t<\/div>\r\n\t\t\t<\/div>\r\n\t\t\t\r\n\t\t\t\t\t\t<a href=\"#\" class=\"theme-btn w-100 text-center\">\r\n\t\t\t\t<span><i class=\"fas fa-file-pdf me-3\"><\/i> download pdf file<\/span>\r\n\t\t\t<\/a>\r\n\t\t\t\r\n\t\t<\/div>\r\n\t<\/div>\r\n\r\n\t\t\r\n\r\n\r\n             \r\n\t\t\t\t\t\t<\/div>\n\t\t\t\t<\/div>\n\t\t\t\t<\/div>\n\t\t<div class=\"elementor-element elementor-element-3426238 e-con-full e-flex e-con e-child\" data-id=\"3426238\" data-element_type=\"container\" data-e-type=\"container\">\n\t\t\t\t<div class=\"elementor-element elementor-element-dd5ab3a elementor-widget elementor-widget-image\" data-id=\"dd5ab3a\" data-element_type=\"widget\" data-e-type=\"widget\" data-widget_type=\"image.default\">\n\t\t\t\t\t\t\t\t\t\t\t\t\t\t\t<img fetchpriority=\"high\" decoding=\"async\" width=\"740\" height=\"392\" src=\"https:\/\/immigrationconsulting.ebangougroup.ca\/immigration\/wp-content\/uploads\/2024\/09\/details-1-2-1024x543.jpg\" class=\"attachment-large size-large wp-image-240\" alt=\"\" srcset=\"https:\/\/immigrationconsulting.ebangougroup.ca\/immigration\/wp-content\/uploads\/2024\/09\/details-1-2-1024x543.jpg 1024w, https:\/\/immigrationconsulting.ebangougroup.ca\/immigration\/wp-content\/uploads\/2024\/09\/details-1-2-300x159.jpg 300w, https:\/\/immigrationconsulting.ebangougroup.ca\/immigration\/wp-content\/uploads\/2024\/09\/details-1-2-768x407.jpg 768w, https:\/\/immigrationconsulting.ebangougroup.ca\/immigration\/wp-content\/uploads\/2024\/09\/details-1-2.jpg 1170w\" sizes=\"(max-width: 740px) 100vw, 740px\" \/>\t\t\t\t\t\t\t\t\t\t\t\t\t\t\t<\/div>\n\t\t\t\t<div class=\"elementor-element elementor-element-657680e elementor-widget elementor-widget-heading\" data-id=\"657680e\" data-element_type=\"widget\" data-e-type=\"widget\" data-widget_type=\"heading.default\">\n\t\t\t\t\t<h2 class=\"elementor-heading-title elementor-size-default\">Visa d'affaires<\/h2>\t\t\t\t<\/div>\n\t\t\t\t<div class=\"elementor-element elementor-element-e7a9c06 elementor-widget elementor-widget-text-editor\" data-id=\"e7a9c06\" data-element_type=\"widget\" data-e-type=\"widget\" data-widget_type=\"text-editor.default\">\n\t\t\t\t\t\t\t\t\t<div class=\"elementor-element elementor-element-e9d472c elementor-widget elementor-widget-text-editor\" data-id=\"e9d472c\" data-element_type=\"widget\" data-widget_type=\"text-editor.default\"><div class=\"elementor-widget-container\"><div class=\"elementor-element elementor-element-d3a93bd elementor-widget elementor-widget-text-editor\" data-id=\"d3a93bd\" data-element_type=\"widget\" data-widget_type=\"text-editor.default\"><div class=\"elementor-widget-container\"><p><span dir=\"auto\">Notre programme de visa pour d\u00e9marrage d&rsquo;entreprise offre la r\u00e9sidence permanente aux entrepreneurs qui ont le potentiel de cr\u00e9er au Canada des entreprises innovantes capables de cr\u00e9er de nouveaux emplois, de stimuler la croissance \u00e9conomique et de rivaliser \u00e0 l&rsquo;\u00e9chelle mondiale.<\/span><\/p><\/div><\/div><div class=\"elementor-element elementor-element-c02be9a elementor-widget elementor-widget-progress\" data-id=\"c02be9a\" data-element_type=\"widget\" data-widget_type=\"progress.default\"><div class=\"elementor-widget-container\"><span id=\"elementor-progress-bar-c02be9a\" class=\"elementor-title\"><span dir=\"auto\">Proc\u00e9dure de visa<\/span><\/span><div class=\"elementor-progress-wrapper\" role=\"progressbar\" aria-labelledby=\"elementor-progress-bar-c02be9a\" aria-valuemin=\"0\" aria-valuemax=\"100\" aria-valuenow=\"86\"><div class=\"elementor-progress-bar\" data-max=\"86\"><span class=\"elementor-progress-percentage\"><span dir=\"auto\">86%<\/span><\/span><\/div><\/div><\/div><\/div><div class=\"elementor-element elementor-element-31c2425 elementor-icon-list--layout-traditional elementor-list-item-link-full_width elementor-widget elementor-widget-icon-list\" data-id=\"31c2425\" data-element_type=\"widget\" data-widget_type=\"icon-list.default\"><div class=\"elementor-widget-container\"><ol><li><strong><span class=\"elementor-icon-list-text\"><span dir=\"auto\">Remplissez le formulaire de demande<\/span><\/span><\/strong><\/li><li><strong><span class=\"elementor-icon-list-text\"><span dir=\"auto\">entretien direct en ligne<\/span><\/span><\/strong><\/li><li><strong><span class=\"elementor-icon-list-text\"><span dir=\"auto\">T\u00e9l\u00e9versez les documents requis<\/span><\/span><\/strong><\/li><li><strong><span class=\"elementor-icon-list-text\"><span dir=\"auto\">99 % d&rsquo;approbations de visa<\/span><\/span><\/strong><\/li><\/ol><\/div><\/div><\/div><\/div>\t\t\t\t\t\t\t\t<\/div>\n\t\t\t\t<div class=\"elementor-element elementor-element-9febfe2 elementor-widget elementor-widget-text-editor\" data-id=\"9febfe2\" data-element_type=\"widget\" data-e-type=\"widget\" data-widget_type=\"text-editor.default\">\n\t\t\t\t\t\t\t\t\t<div class=\"elementor-element elementor-element-f77c7e0 elementor-widget elementor-widget-heading\" data-id=\"f77c7e0\" data-element_type=\"widget\" data-widget_type=\"heading.default\"><div class=\"elementor-widget-container\"><h3 class=\"elementor-heading-title elementor-size-default\"><span dir=\"auto\">Ce que nous proposons<\/span><\/h3><\/div><\/div><div class=\"elementor-element elementor-element-70bd273 elementor-widget elementor-widget-text-editor\" data-id=\"70bd273\" data-element_type=\"widget\" data-widget_type=\"text-editor.default\"><div class=\"elementor-widget-container\"><p><span dir=\"auto\">Notre syst\u00e8me unique d&rsquo;\u00e9valuation des demandes de visa pour le Canada d\u00e9termine votre admissibilit\u00e9. Nos experts sont agr\u00e9\u00e9s pour vous fournir une assistance et des conseils professionnels concernant toutes vos questions d&rsquo;immigration, y compris les frais de visa et les v\u00e9rifications d&rsquo;admissibilit\u00e9.<\/span><\/p><p>\u00a0<\/p><\/div><\/div><div class=\"elementor-element elementor-element-160d572 elementor-widget elementor-widget-heading\" data-id=\"160d572\" data-element_type=\"widget\" data-widget_type=\"heading.default\"><div class=\"elementor-widget-container\"><h3 class=\"elementor-heading-title elementor-size-default\"><span dir=\"auto\">Informations sur les visas \u00e9lectroniques<\/span><\/h3><\/div><\/div><div class=\"elementor-element elementor-element-29938e9 elementor-widget elementor-widget-text-editor\" data-id=\"29938e9\" data-element_type=\"widget\" data-widget_type=\"text-editor.default\"><div class=\"elementor-widget-container\"><p><span dir=\"auto\">Gr\u00e2ce \u00e0 l&rsquo;exp\u00e9rience d&rsquo;Ebangou en mati\u00e8re d&rsquo;immigration r\u00e9ussie au Canada, nous pouvons vous aider \u00e0 atteindre votre objectif. Le visa \u00e9lectronique d&rsquo;\u00e9tudes est accord\u00e9 aux ressortissants \u00e9trangers disposant de ressources financi\u00e8res suffisantes et souhaitant \u00e9tudier au Canada. Comment faire une demande de visa \u00e9lectronique pour le Canada\u00a0? La proc\u00e9dure comprend plusieurs \u00e9tapes. Rassemblez tous les documents n\u00e9cessaires \u00e0 votre demande.<\/span><\/p><\/div><\/div>\t\t\t\t\t\t\t\t<\/div>\n\t\t\t\t<div class=\"elementor-element elementor-element-fcecac3 elementor-widget elementor-widget-text-editor\" data-id=\"fcecac3\" data-element_type=\"widget\" data-e-type=\"widget\" data-widget_type=\"text-editor.default\">\n\t\t\t\t\t\t\t\t\t<div class=\"elementor-element elementor-element-061c88f elementor-widget elementor-widget-heading\" data-id=\"061c88f\" data-element_type=\"widget\" data-widget_type=\"heading.default\"><div class=\"elementor-widget-container\"><h3 class=\"elementor-heading-title elementor-size-default\"><span dir=\"auto\">Options pour un traitement acc\u00e9l\u00e9r\u00e9 des visas<\/span><\/h3><p>\u00a0<\/p><\/div><\/div><div class=\"elementor-element elementor-element-4025cd1 elementor-widget elementor-widget-text-editor\" data-id=\"4025cd1\" data-element_type=\"widget\" data-widget_type=\"text-editor.default\"><div class=\"elementor-widget-container\"><p><span dir=\"auto\">Chaque ann\u00e9e, le gouvernement canadien accorde le statut de r\u00e9sident permanent \u00e0 des milliers de ressortissants \u00e9trangers. Si vous souhaitez faire partie de ces quelques chanceux, vous devez savoir comment pr\u00e9senter une demande.<\/span><br \/><span dir=\"auto\">Plusieurs voies s&rsquo;offrent \u00e0 vous. Entr\u00e9e express, l&rsquo;immigration d&rsquo;affaires, le regroupement familial et la cat\u00e9gorie de l&rsquo;exp\u00e9rience canadienne ne sont que quelques exemples des options disponibles pour ceux qui souhaitent obtenir la r\u00e9sidence permanente au Canada.<\/span><\/p><\/div><\/div>\t\t\t\t\t\t\t\t<\/div>\n\t\t\t\t<div class=\"elementor-element elementor-element-d7af23b elementor-widget elementor-widget-heading\" data-id=\"d7af23b\" data-element_type=\"widget\" data-e-type=\"widget\" data-widget_type=\"heading.default\">\n\t\t\t\t\t<h3 class=\"elementor-heading-title elementor-size-default\">Documents suppl\u00e9mentaires<\/h3>\t\t\t\t<\/div>\n\t\t\t\t<div class=\"elementor-element elementor-element-cf563ff elementor-widget elementor-widget-text-editor\" data-id=\"cf563ff\" data-element_type=\"widget\" data-e-type=\"widget\" data-widget_type=\"text-editor.default\">\n\t\t\t\t\t\t\t\t\t<div class=\"elementor-element elementor-element-5c68a84 elementor-widget elementor-widget-heading\" data-id=\"5c68a84\" data-element_type=\"widget\" data-widget_type=\"heading.default\"><div class=\"elementor-widget-container\"><h3 class=\"elementor-heading-title elementor-size-default\">\u00a0<\/h3><\/div><\/div><div class=\"elementor-element elementor-element-1231647 immigro-icon-fix1 elementor-icon-list--layout-traditional elementor-list-item-link-full_width elementor-widget elementor-widget-icon-list\" data-id=\"1231647\" data-element_type=\"widget\" data-widget_type=\"icon-list.default\"><div class=\"elementor-widget-container\"><ol><li><span class=\"elementor-icon-list-text\"><span dir=\"auto\">Frais de demande de visa<\/span><\/span><\/li><li><span class=\"elementor-icon-list-text\"><span dir=\"auto\">Politique de visas pour l&rsquo;Afghanistan<\/span><\/span><\/li><li><span class=\"elementor-icon-list-text\"><span dir=\"auto\">Visa pour les ressortissants indiens<\/span><\/span><\/li><li><span class=\"elementor-icon-list-text\"><span dir=\"auto\">Visa \u00e9lectronique (Visa en ligne)<\/span><\/span><\/li><\/ol><\/div><\/div>\t\t\t\t\t\t\t\t<\/div>\n\t\t\t\t<\/div>\n\t\t\t\t\t<\/div>\n\t\t\t\t<\/div>\n\t\t\t\t<\/div>\n\t\t","protected":false},"excerpt":{"rendered":"<p>Visa RP Visa Familial Visa Touristique Visa d&rsquo;affaire Visa de travail Visa Etudiant Besoin d&rsquo;un visa Rendez-vous Service apr\u00e8s-vente : Appelez-nous +237 675 547 840 Appelez-nous d\u00e8s aujourd&rsquo;hui pour une assistance personnalis\u00e9e ! contact us download pdf file Visa d&rsquo;affaires Notre programme de visa pour d\u00e9marrage d&rsquo;entreprise offre la r\u00e9sidence permanente aux entrepreneurs qui ont<\/p>\n","protected":false},"author":1,"featured_media":0,"parent":0,"menu_order":0,"comment_status":"closed","ping_status":"closed","template":"","meta":{"inline_featured_image":false,"footnotes":""},"class_list":["post-1480","page","type-page","status-publish","hentry"],"_links":{"self":[{"href":"https:\/\/immigrationconsulting.ebangougroup.ca\/immigration\/index.php?rest_route=\/wp\/v2\/pages\/1480","targetHints":{"allow":["GET"]}}],"collection":[{"href":"https:\/\/immigrationconsulting.ebangougroup.ca\/immigration\/index.php?rest_route=\/wp\/v2\/pages"}],"about":[{"href":"https:\/\/immigrationconsulting.ebangougroup.ca\/immigration\/index.php?rest_route=\/wp\/v2\/types\/page"}],"author":[{"embeddable":true,"href":"https:\/\/immigrationconsulting.ebangougroup.ca\/immigration\/index.php?rest_route=\/wp\/v2\/users\/1"}],"replies":[{"embeddable":true,"href":"https:\/\/immigrationconsulting.ebangougroup.ca\/immigration\/index.php?rest_route=%2Fwp%2Fv2%2Fcomments&post=1480"}],"version-history":[{"count":4,"href":"https:\/\/immigrationconsulting.ebangougroup.ca\/immigration\/index.php?rest_route=\/wp\/v2\/pages\/1480\/revisions"}],"predecessor-version":[{"id":1500,"href":"https:\/\/immigrationconsulting.ebangougroup.ca\/immigration\/index.php?rest_route=\/wp\/v2\/pages\/1480\/revisions\/1500"}],"wp:attachment":[{"href":"https:\/\/immigrationconsulting.ebangougroup.ca\/immigration\/index.php?rest_route=%2Fwp%2Fv2%2Fmedia&parent=1480"}],"curies":[{"name":"wp","href":"https:\/\/api.w.org\/{rel}","templated":true}]}}