{"id":1485,"date":"2026-03-18T06:57:45","date_gmt":"2026-03-18T06:57:45","guid":{"rendered":"https:\/\/immigrationconsulting.ebangougroup.ca\/immigration\/?page_id=1485"},"modified":"2026-03-18T07:39:01","modified_gmt":"2026-03-18T07:39:01","slug":"visa-touristique","status":"publish","type":"page","link":"https:\/\/immigrationconsulting.ebangougroup.ca\/immigration\/?page_id=1485","title":{"rendered":"Visa touristique"},"content":{"rendered":"\t\t<div data-elementor-type=\"wp-post\" data-elementor-id=\"1485\" class=\"elementor elementor-1485\">\n\t\t\t\t<div class=\"elementor-element elementor-element-7c9e2d0 e-flex e-con-boxed e-con e-parent\" data-id=\"7c9e2d0\" data-element_type=\"container\" data-e-type=\"container\">\n\t\t\t\t\t<div class=\"e-con-inner\">\n\t\t<div class=\"elementor-element elementor-element-88bcedb e-con-full e-flex e-con e-child\" data-id=\"88bcedb\" data-element_type=\"container\" data-e-type=\"container\">\n\t\t\t\t<div class=\"elementor-element elementor-element-f519155 elementor-widget elementor-widget-visaland-service-sidebar-widget\" data-id=\"f519155\" data-element_type=\"widget\" data-e-type=\"widget\" data-widget_type=\"visaland-service-sidebar-widget.default\">\n\t\t\t\t<div class=\"elementor-widget-container\">\n\t\t\t\t\t\r\n\t\r\n\r\n\t<div class=\"visa-details-wrapper\">\r\n\t\t<div class=\"visa-sidebar\">\r\n\t\t\t<div class=\"visa-widget-categories\">\r\n\t\t\t\t<ul>\r\n\t\t\t\t\t\t\r\n\t\t\t\t\t<li><a href=\"https:\/\/immigrationconsulting.ebangougroup.ca\/immigration\/?page_id=1450\">Visa RP<span><i class=\"fas fa-chevron-right\"><\/i><\/span><\/a><\/li>\r\n\t\t\t\t\t\t\r\n\t\t\t\t\t<li><a href=\"https:\/\/immigrationconsulting.ebangougroup.ca\/immigration\/?page_id=1447\">Visa Familial<span><i class=\"fas fa-chevron-right\"><\/i><\/span><\/a><\/li>\r\n\t\t\t\t\t\t\r\n\t\t\t\t\t<li><a href=\"https:\/\/immigrationconsulting.ebangougroup.ca\/immigration\/?page_id=1446\">Visa Touristique<span><i class=\"fas fa-chevron-right\"><\/i><\/span><\/a><\/li>\r\n\t\t\t\t\t\t\r\n\t\t\t\t\t<li><a href=\"https:\/\/immigrationconsulting.ebangougroup.ca\/immigration\/?page_id=1444\">Visa d'affaire<span><i class=\"fas fa-chevron-right\"><\/i><\/span><\/a><\/li>\r\n\t\t\t\t\t\t\r\n\t\t\t\t\t<li><a href=\"https:\/\/immigrationconsulting.ebangougroup.ca\/immigration\/?page_id=1449\">Visa de travail<span><i class=\"fas fa-chevron-right\"><\/i><\/span><\/a><\/li>\r\n\t\t\t\t\t\t\r\n\t\t\t\t\t<li><a href=\"https:\/\/immigrationconsulting.ebangougroup.ca\/immigration\/?page_id=1448\">Visa Etudiant<span><i class=\"fas fa-chevron-right\"><\/i><\/span><\/a><\/li>\r\n\t\t\t\t\t\t\t\t\t<\/ul>\r\n\t\t\t<\/div>\r\n\r\n\t\t\t\t\t\t<div class=\"visa-sidebar-widget\">\r\n\t\t\t\t<div class=\"contact-bg text-center bg-cover\" style=\"background-image: url('https:\/\/immigrationconsulting.ebangougroup.ca\/immigration\/wp-content\/uploads\/2024\/09\/contact-bg.jpg');\">\r\n\t\t\t\t\t<h4>Besoin d'un visa\nRendez-vous\nService\napr\u00e8s-vente : Appelez-nous<\/h4>\r\n\t\t\t\t\t<h3><a href=\"tel:+237675547840\">+237 675 547 840<\/a><\/h3>\r\n\t\t\t\t\t<p>Appelez-nous d\u00e8s aujourd'hui pour une assistance personnalis\u00e9e !<\/p>\r\n\t\t\t\t\t<a href=\"https:\/\/immigrationconsulting.ebangougroup.ca\/immigration\/?page_id=1326\" class=\"theme-btn bg-white\">\r\n\t\t\t\t\t\t<span>\r\n\t\t\t\t\t\tcontact us\t\t\t\t\t\t\t<i class=\"fas fa-chevron-right\"><\/i>\r\n\t\t\t\t\t\t<\/span>\r\n\t\t\t\t\t<\/a>\r\n\t\t\t\t<\/div>\r\n\t\t\t<\/div>\r\n\t\t\t\r\n\t\t\t\t\t\t<a href=\"#\" class=\"theme-btn w-100 text-center\">\r\n\t\t\t\t<span><i class=\"fas fa-file-pdf me-3\"><\/i> download pdf file<\/span>\r\n\t\t\t<\/a>\r\n\t\t\t\r\n\t\t<\/div>\r\n\t<\/div>\r\n\r\n\t\t\r\n\r\n\r\n             \r\n\t\t\t\t\t\t<\/div>\n\t\t\t\t<\/div>\n\t\t\t\t<\/div>\n\t\t<div class=\"elementor-element elementor-element-3426238 e-con-full e-flex e-con e-child\" data-id=\"3426238\" data-element_type=\"container\" data-e-type=\"container\">\n\t\t\t\t<div class=\"elementor-element elementor-element-dd5ab3a elementor-widget elementor-widget-image\" data-id=\"dd5ab3a\" data-element_type=\"widget\" data-e-type=\"widget\" data-widget_type=\"image.default\">\n\t\t\t\t\t\t\t\t\t\t\t\t\t\t\t<img fetchpriority=\"high\" decoding=\"async\" width=\"740\" height=\"392\" src=\"https:\/\/immigrationconsulting.ebangougroup.ca\/immigration\/wp-content\/uploads\/2024\/09\/details-1-2-1024x543.jpg\" class=\"attachment-large size-large wp-image-240\" alt=\"\" srcset=\"https:\/\/immigrationconsulting.ebangougroup.ca\/immigration\/wp-content\/uploads\/2024\/09\/details-1-2-1024x543.jpg 1024w, https:\/\/immigrationconsulting.ebangougroup.ca\/immigration\/wp-content\/uploads\/2024\/09\/details-1-2-300x159.jpg 300w, https:\/\/immigrationconsulting.ebangougroup.ca\/immigration\/wp-content\/uploads\/2024\/09\/details-1-2-768x407.jpg 768w, https:\/\/immigrationconsulting.ebangougroup.ca\/immigration\/wp-content\/uploads\/2024\/09\/details-1-2.jpg 1170w\" sizes=\"(max-width: 740px) 100vw, 740px\" \/>\t\t\t\t\t\t\t\t\t\t\t\t\t\t\t<\/div>\n\t\t\t\t<div class=\"elementor-element elementor-element-657680e elementor-widget elementor-widget-heading\" data-id=\"657680e\" data-element_type=\"widget\" data-e-type=\"widget\" data-widget_type=\"heading.default\">\n\t\t\t\t\t<h2 class=\"elementor-heading-title elementor-size-default\">Visa touristique<\/h2>\t\t\t\t<\/div>\n\t\t\t\t<div class=\"elementor-element elementor-element-e7a9c06 elementor-widget elementor-widget-text-editor\" data-id=\"e7a9c06\" data-element_type=\"widget\" data-e-type=\"widget\" data-widget_type=\"text-editor.default\">\n\t\t\t\t\t\t\t\t\t<div class=\"elementor-element elementor-element-e9d472c elementor-widget elementor-widget-text-editor\" data-id=\"e9d472c\" data-element_type=\"widget\" data-widget_type=\"text-editor.default\"><div class=\"elementor-widget-container\"><p>Le motif de votre voyage au Canada d\u00e9termine la proc\u00e9dure de demande et les documents \u00e0 fournir avec votre demande de visa. Vous devez satisfaire \u00e0 certaines exigences de base pour obtenir un visa de visiteur.<\/p><\/div><\/div>\t\t\t\t\t\t\t\t<\/div>\n\t\t\t\t<div class=\"elementor-element elementor-element-9febfe2 elementor-widget elementor-widget-text-editor\" data-id=\"9febfe2\" data-element_type=\"widget\" data-e-type=\"widget\" data-widget_type=\"text-editor.default\">\n\t\t\t\t\t\t\t\t\t<div class=\"elementor-element elementor-element-f77c7e0 elementor-widget elementor-widget-heading\" data-id=\"f77c7e0\" data-element_type=\"widget\" data-widget_type=\"heading.default\"><div class=\"elementor-widget-container\"><h3 class=\"elementor-heading-title elementor-size-default\"><span dir=\"auto\">Ce que nous proposons<\/span><\/h3><\/div><\/div><div class=\"elementor-element elementor-element-70bd273 elementor-widget elementor-widget-text-editor\" data-id=\"70bd273\" data-element_type=\"widget\" data-widget_type=\"text-editor.default\"><div class=\"elementor-widget-container\"><div class=\"elementor-element elementor-element-9815c2a elementor-widget elementor-widget-text-editor\" data-id=\"9815c2a\" data-element_type=\"widget\" data-widget_type=\"text-editor.default\"><div class=\"elementor-widget-container\"><p><span dir=\"auto\">Notre syst\u00e8me unique d&rsquo;\u00e9valuation des demandes de visa pour le Canada d\u00e9termine votre admissibilit\u00e9. Nos experts sont agr\u00e9\u00e9s pour vous fournir une assistance et des conseils professionnels concernant toutes vos questions d&rsquo;immigration, y compris les frais de visa et les v\u00e9rifications d&rsquo;admissibilit\u00e9. Plus de d\u00e9tails ci-dessous\u00a0:\u00a0<\/span><\/p><\/div><\/div><div class=\"elementor-element elementor-element-58ce2f4 elementor-widget elementor-widget-progress\" data-id=\"58ce2f4\" data-element_type=\"widget\" data-widget_type=\"progress.default\"><div class=\"elementor-widget-container\"><p><span id=\"elementor-progress-bar-58ce2f4\" class=\"elementor-title\"><span dir=\"auto\">\u00c9ligibilit\u00e9 au visa\u00a0:<\/span><\/span><\/p><div class=\"elementor-progress-wrapper\" role=\"progressbar\" aria-labelledby=\"elementor-progress-bar-58ce2f4\" aria-valuemin=\"0\" aria-valuemax=\"100\" aria-valuenow=\"86\"><div class=\"elementor-progress-bar\" data-max=\"86\"><span class=\"elementor-progress-percentage\"><span dir=\"auto\">86%<\/span><\/span><\/div><\/div><\/div><\/div><div class=\"elementor-element elementor-element-6d45dbe elementor-icon-list--layout-traditional elementor-list-item-link-full_width elementor-widget elementor-widget-icon-list\" data-id=\"6d45dbe\" data-element_type=\"widget\" data-widget_type=\"icon-list.default\"><div class=\"elementor-widget-container\"><ol><li><span class=\"elementor-icon-list-text\"><span dir=\"auto\">Munissez-vous d&rsquo;un document de voyage valide, par exemple un passeport.<\/span><\/span><\/li><li><span class=\"elementor-icon-list-text\"><span dir=\"auto\">Soyez en bonne sant\u00e9<\/span><\/span><\/li><li><span class=\"elementor-icon-list-text\"><span dir=\"auto\">N&rsquo;avoir aucune condamnation p\u00e9nale ou li\u00e9e \u00e0 l&rsquo;immigration<\/span><\/span><\/li><li><span class=\"elementor-icon-list-text\"><span dir=\"auto\">Avoir des liens avec son pays d&rsquo;origine, par exemple un emploi, des biens et\/ou de la famille<\/span><\/span><\/li><li><span class=\"elementor-icon-list-text\"><span dir=\"auto\">Convainquez l&rsquo;agent d&rsquo;immigration que vous quitterez le Canada \u00e0 la fin de votre visite.<\/span><\/span><\/li><li><span class=\"elementor-icon-list-text\"><span dir=\"auto\">Pr\u00e9voyez suffisamment d&rsquo;argent pour votre s\u00e9jour, en fonction de sa dur\u00e9e et du lieu o\u00f9 vous s\u00e9journerez.<\/span><\/span><\/li><\/ol><\/div><\/div><div class=\"elementor-element elementor-element-1fccfa9 elementor-widget elementor-widget-heading\" data-id=\"1fccfa9\" data-element_type=\"widget\" data-widget_type=\"heading.default\"><div class=\"elementor-widget-container\"><h3 class=\"elementor-heading-title elementor-size-default\"><span dir=\"auto\">Informations sur les visas \u00e9lectroniques<\/span><\/h3><\/div><\/div><div class=\"elementor-element elementor-element-a6ac644 elementor-widget elementor-widget-text-editor\" data-id=\"a6ac644\" data-element_type=\"widget\" data-widget_type=\"text-editor.default\"><div class=\"elementor-widget-container\"><p><span dir=\"auto\">Gr\u00e2ce \u00e0 l&rsquo;exp\u00e9rience d&rsquo;Ebangou en mati\u00e8re d&rsquo;immigration r\u00e9ussie au Canada, nous pouvons vous aider \u00e0 atteindre votre objectif. Le visa \u00e9lectronique d&rsquo;\u00e9tudes est accord\u00e9 aux ressortissants \u00e9trangers disposant de ressources financi\u00e8res suffisantes et souhaitant \u00e9tudier au Canada. Comment faire une demande de visa \u00e9lectronique pour le Canada\u00a0? La proc\u00e9dure comprend plusieurs \u00e9tapes. Rassemblez tous les documents n\u00e9cessaires \u00e0 votre demande.<\/span><\/p><p>\u00a0<\/p><\/div><div class=\"elementor-element elementor-element-2b1458e elementor-widget elementor-widget-heading\" data-id=\"2b1458e\" data-element_type=\"widget\" data-widget_type=\"heading.default\"><div class=\"elementor-widget-container\"><h3 class=\"elementor-heading-title elementor-size-default\"><span dir=\"auto\">Documents requis\u00a0:<\/span><\/h3><\/div><\/div><div class=\"elementor-element elementor-element-8173d4d immigro-icon-fix1 elementor-icon-list--layout-traditional elementor-list-item-link-full_width elementor-widget elementor-widget-icon-list\" data-id=\"8173d4d\" data-element_type=\"widget\" data-widget_type=\"icon-list.default\"><div class=\"elementor-widget-container\"><ol><li><span class=\"elementor-icon-list-text\"><span dir=\"auto\">itin\u00e9raire ou plan de voyage<\/span><\/span><\/li><li><span class=\"elementor-icon-list-text\"><span dir=\"auto\">Preuve de retour au pays de r\u00e9sidence ou billet de continuation vers un autre pays<\/span><\/span><\/li><li><span class=\"elementor-icon-list-text\"><span dir=\"auto\">R\u00e9servations de vols<\/span><\/span><\/li><li><span class=\"elementor-icon-list-text\"><span dir=\"auto\">Preuve d&rsquo;h\u00e9bergement (avec num\u00e9ro de r\u00e9f\u00e9rence de r\u00e9servation, adresse et num\u00e9ro de t\u00e9l\u00e9phone de l&rsquo;h\u00f4tel)<\/span><\/span><\/li><li><span class=\"elementor-icon-list-text\"><span dir=\"auto\">Inscription \u00e0 un \u00e9v\u00e9nement, le cas \u00e9ch\u00e9ant<\/span><\/span><\/li><\/ol><\/div><\/div><\/div><\/div><\/div>\t\t\t\t\t\t\t\t<\/div>\n\t\t\t\t<div class=\"elementor-element elementor-element-fcecac3 elementor-widget elementor-widget-text-editor\" data-id=\"fcecac3\" data-element_type=\"widget\" data-e-type=\"widget\" data-widget_type=\"text-editor.default\">\n\t\t\t\t\t\t\t\t\t<div class=\"elementor-element elementor-element-061c88f elementor-widget elementor-widget-heading\" data-id=\"061c88f\" data-element_type=\"widget\" data-widget_type=\"heading.default\"><div class=\"elementor-widget-container\"><div class=\"elementor-element elementor-element-ce1b16c elementor-widget elementor-widget-heading\" data-id=\"ce1b16c\" data-element_type=\"widget\" data-widget_type=\"heading.default\"><div class=\"elementor-widget-container\"><h3 class=\"elementor-heading-title elementor-size-default\"><span dir=\"auto\">Documents suppl\u00e9mentaires pouvant \u00eatre requis\u00a0:<\/span><\/h3><\/div><\/div><div class=\"elementor-element elementor-element-e973154 elementor-widget elementor-widget-text-editor\" data-id=\"e973154\" data-element_type=\"widget\" data-widget_type=\"text-editor.default\"><div class=\"elementor-widget-container\"><p><span dir=\"auto\">Vous pourriez avoir besoin de documents suppl\u00e9mentaires, notamment un examen m\u00e9dical et une lettre d&rsquo;invitation de votre r\u00e9pondant au Canada.\u00a0<\/span><span dir=\"auto\">Un r\u00e9pondant est g\u00e9n\u00e9ralement un citoyen canadien, un r\u00e9sident permanent, un titulaire de permis de travail ou un \u00e9tudiant qui peut vous inviter \u00e0 visiter le Canada et vous fournir une garantie et un soutien financier pour votre s\u00e9jour.<\/span><\/p><\/div><\/div><\/div><\/div>\t\t\t\t\t\t\t\t<\/div>\n\t\t\t\t<\/div>\n\t\t\t\t\t<\/div>\n\t\t\t\t<\/div>\n\t\t\t\t<\/div>\n\t\t","protected":false},"excerpt":{"rendered":"<p>Visa RP Visa Familial Visa Touristique Visa d&rsquo;affaire Visa de travail Visa Etudiant Besoin d&rsquo;un visa Rendez-vous Service apr\u00e8s-vente : Appelez-nous +237 675 547 840 Appelez-nous d\u00e8s aujourd&rsquo;hui pour une assistance personnalis\u00e9e ! contact us download pdf file Visa touristique Le motif de votre voyage au Canada d\u00e9termine la proc\u00e9dure de demande et les documents<\/p>\n","protected":false},"author":1,"featured_media":0,"parent":0,"menu_order":0,"comment_status":"closed","ping_status":"closed","template":"","meta":{"inline_featured_image":false,"footnotes":""},"class_list":["post-1485","page","type-page","status-publish","hentry"],"_links":{"self":[{"href":"https:\/\/immigrationconsulting.ebangougroup.ca\/immigration\/index.php?rest_route=\/wp\/v2\/pages\/1485","targetHints":{"allow":["GET"]}}],"collection":[{"href":"https:\/\/immigrationconsulting.ebangougroup.ca\/immigration\/index.php?rest_route=\/wp\/v2\/pages"}],"about":[{"href":"https:\/\/immigrationconsulting.ebangougroup.ca\/immigration\/index.php?rest_route=\/wp\/v2\/types\/page"}],"author":[{"embeddable":true,"href":"https:\/\/immigrationconsulting.ebangougroup.ca\/immigration\/index.php?rest_route=\/wp\/v2\/users\/1"}],"replies":[{"embeddable":true,"href":"https:\/\/immigrationconsulting.ebangougroup.ca\/immigration\/index.php?rest_route=%2Fwp%2Fv2%2Fcomments&post=1485"}],"version-history":[{"count":4,"href":"https:\/\/immigrationconsulting.ebangougroup.ca\/immigration\/index.php?rest_route=\/wp\/v2\/pages\/1485\/revisions"}],"predecessor-version":[{"id":1518,"href":"https:\/\/immigrationconsulting.ebangougroup.ca\/immigration\/index.php?rest_route=\/wp\/v2\/pages\/1485\/revisions\/1518"}],"wp:attachment":[{"href":"https:\/\/immigrationconsulting.ebangougroup.ca\/immigration\/index.php?rest_route=%2Fwp%2Fv2%2Fmedia&parent=1485"}],"curies":[{"name":"wp","href":"https:\/\/api.w.org\/{rel}","templated":true}]}}